{"id":8,"date":"2025-02-10T21:56:23","date_gmt":"2025-02-10T21:56:23","guid":{"rendered":"http:\/\/jerzyszymik.pl\/index.php\/donation-failed\/"},"modified":"2025-05-30T08:42:19","modified_gmt":"2025-05-30T08:42:19","slug":"wybranewiersze","status":"publish","type":"page","link":"https:\/\/jerzyszymik.pl\/index.php\/wybranewiersze\/","title":{"rendered":"Wybrane wiersze"},"content":{"rendered":"<div class=\"wpb-content-wrapper\"><p>[vc_row][vc_column][vc_tta_tabs][vc_tta_section title=&#8221;By\u0107 \u015bl\u0105skim ksi\u0119dzem&#8221; tab_id=&#8221;1748590978771-66ab8a99-4120&#8243;][vc_column_text css=&#8221;&#8221;]<\/p>\n<div class=\"article--motto\">Przyjacio\u0142om z katowickiego rocznika \u015bwi\u0119ce\u0144 1979<\/div>\n<div><\/div>\n<p class=\"article--paragraph\">\u201eBy\u0142 tam ogr\u00f3d, do kt\u00f3rego wszed\u0142 On i Jego uczniowie,<br \/>\n[\u2026] a Jego pot by\u0142 jak g\u0119ste krople krwi<br \/>\ns\u0105cz\u0105ce si\u0119 na ziemi\u0119\u201d<\/p>\n<p class=\"article--paragraph\">(J 18, 1b; \u0141k 22, 44b)<\/p>\n<blockquote class=\"article--quote\">\n<p class=\"article--paragraph\">Nie spod figowc\u00f3w,<br \/>\nani spo\u015br\u00f3d g\u0119stych koron sykomor,<br \/>\nani ze szpaleru cyprys\u00f3w<br \/>\nnas wezwa\u0142.<\/p>\n<p class=\"article--paragraph\">My jeste\u015bmy spod cherlawych brz\u00f3zek,<br \/>\nspod l\u0119kliwych topoli, ze \u015brodka konaj\u0105cych las\u00f3w \u015bwierkowych.<br \/>\nWielu z nas lepiej zna k\u0105kol ni\u017c pszenic\u0119,<br \/>\nbo dorastali\u015bmy w\u015br\u00f3d bladych \u0142\u0105k i kopalnianych staw\u00f3w.<\/p>\n<p class=\"article--paragraph\">Szed\u0142 skrajem familok\u00f3w<br \/>\njak p\u0119kni\u0119tym jarem Pustyni Judzkiej<br \/>\ni wyra\u017anie potrzebowa\u0142 naszej pomocy.<br \/>\nWo\u0142a\u0142 nas.<\/p>\n<p class=\"article--paragraph\">Rozumieli\u015bmy z tego niewiele,<br \/>\nale jednak najwa\u017cniejsze:<br \/>\n\u017ce Jemu si\u0119 nie odmawia.<br \/>\nDlatego<\/p>\n<p class=\"article--paragraph\">do\u0142\u0105czyli\u015bmy do tamtych,<br \/>\nnie wiedz\u0105c,<br \/>\n\u017ce oto spe\u0142nia si\u0119 marzenie<br \/>\n\u015bl\u0105skich ch\u0142opak\u00f3w:<\/p>\n<p class=\"article--paragraph\">mie\u0107 mocne \u017cycie,<br \/>\nnie da\u0107 si\u0119\u00a0<em class=\"article--em\">bele czymu<\/em>,<br \/>\nchroni\u0107 bezbronnych,<br \/>\nwybiera\u0107 Boga.<\/p>\n<p class=\"article--paragraph\">Idziemy za Nim.<br \/>\nCa\u0142ymi latami ogl\u0105dali\u015bmy jedynie Jego plecy.<br \/>\nAle teraz, pod wiecz\u00f3r,<br \/>\ncoraz cz\u0119\u015bciej zdaje si\u0119 odwraca\u0107 g\u0142ow\u0119<\/p>\n<p class=\"article--paragraph\">jakby nas liczy\u0142,<br \/>\njakby pyta\u0142, czy nadal mo\u017ce na nas liczy\u0107,<br \/>\njakby liczy\u0142 dni, kiedy ujrzymy Go twarz\u0105 w twarz, jakim jest.<\/p>\n<p class=\"article--paragraph\">P\u00f3ki co, poc\u0119 si\u0119<br \/>\njakbym krwawi\u0142<\/p>\n<\/blockquote>\n<p class=\"article--paragraph\">Jerycho, 23 wrze\u015bnia 2009 r.<\/p>\n<p class=\"article--paragraph\">Katowice, 29 wrze\u015bnia 2009 r.<\/p>\n<p>Wiersz z\u00a0tomu\u00a0<em class=\"article--em\">Czu\u0142o\u015b\u0107, si\u0142a i dr\u017cenie\u00a0<\/em>(2009).[\/vc_column_text][\/vc_tta_section][vc_tta_section title=&#8221;Ogr\u00f3d w Pszowie&#8221; tab_id=&#8221;1748590978778-6982ab44-cb0d&#8221;][vc_column_text css=&#8221;&#8221;]<\/p>\n<blockquote class=\"article--quote\">\n<p class=\"article--paragraph\">By\u0142o to<br \/>\nw porze po\u0142udniowego wiatru<br \/>\nznad Morawskiej Bramy:<br \/>\nus\u0142ysza\u0142em kroki Pana Boga<br \/>\nprzechadzaj\u0105cego si\u0119 po naszym ogrodzie<\/p>\n<p class=\"article--paragraph\">wiedzia\u0142em, \u017ce zachodzi<br \/>\ntu cz\u0119sto, od wiek\u00f3w<\/p>\n<p class=\"article--paragraph\">o moich przodkach<br \/>\nna tym skrawku ziemi<br \/>\nmawiano\u00a0<em class=\"article--em\">Matuszki spod \u0142ogrodu<\/em>,<br \/>\nwielu z nich w ksi\u0119gach chrztu<br \/>\nmia\u0142o wpisane\u00a0<em class=\"article--em\">Zagrodnik\u00a0<\/em>b\u0105d\u017a\u00a0<em class=\"article--em\">G\u00e4rtner<\/em>.<\/p>\n<p class=\"article--paragraph\">Wiem ju\u017c, Panie, \u017ce jestem nagi,<br \/>\nale nie chowam si\u0119 przed Tob\u0105<\/p>\n<p class=\"article--paragraph\">uprawiam, dogl\u0105dam, przesiaduj\u0119 tutaj,<br \/>\nzgodnie z Twoim s\u0142owem. Wiesz to,<br \/>\nbo chodzisz t\u0119dy, modlisz si\u0119 tu.<br \/>\nWiem za Magdalen\u0105, \u017ce to nie ogrodnik,<br \/>\nale \u017ce\u015b to Ty.<\/p>\n<p class=\"article--paragraph\">Przycinam, nawo\u017c\u0119. Ka\u017cesz \u2013 wyrw\u0119.<br \/>\nChcesz \u2013 zasadz\u0119. Powiesz \u2013 zrobi\u0119<\/p>\n<p class=\"article--paragraph\">jestem tu u siebie. Ju\u017c nie w Eden, jeszcze<br \/>\nnie w Getsemani. Mi\u0119dzy rajem a t\u0142oczni\u0105 potu<br \/>\ni krwi. Trwa ta chwila z pism prorok\u00f3w,<br \/>\nz Twojej obietnicy: \u017cycie ocalonych<br \/>\nb\u0119dzie podobne do zroszonego ogrodu<\/p>\n<p class=\"article--paragraph\">s\u0142ysz\u0119 tu Twoje\u00a0\u00a0kroki, \u017cyj\u0119 z Twojej<br \/>\nmodlitwy, owiewa mnie Tw\u00f3j wiatr<\/p>\n<p class=\"article--paragraph\">rajski, oliwny, pszowski.<br \/>\nDrzewo poznania, \u017cylaste pnie, dziki bez.<br \/>\nWizgi jask\u00f3\u0142ek, dzi\u0119cio\u0142, s\u0142owik.<br \/>\nW ziemi\u0119 wsi\u0105ka tu m\u00f3j pot<br \/>\ni Twoja krew.<\/p>\n<p class=\"article--paragraph\">Coraz cz\u0119\u015bciej mnie pytaj\u0105:<br \/>\nczy\u017c to aby nie ciebie widzia\u0142em razem z Nim w ogrodzie?<\/p>\n<p class=\"article--paragraph\">Tak, to by\u0142em ja<\/p>\n<\/blockquote>\n<p class=\"article--paragraph\">Psz\u00f3w, 17 stycznia 2020 r.<\/p>\n<p>Wiersz z tomu <em>Ogr\u00f3d<\/em> (2020)[\/vc_column_text][\/vc_tta_section][vc_tta_section title=&#8221;Dziewczynka w \u017c\u00f3\u0142tych rajstopach, w \u015bl\u0105skim ko\u015bciele&#8221; tab_id=&#8221;1748592673588-d32df508-a419&#8243;][vc_column_text css=&#8221;&#8221;]<\/p>\n<blockquote class=\"article--quote\">\n<p class=\"article--paragraph\">Nie widzia\u0142em jej nigdy wcze\u015bniej ani p\u00f3\u017aniej,<br \/>\ntylko w\u00f3wczas, ten jeden jedyny raz: w sobot\u0119, 8 wrze\u015bnia, mi\u0119dzy<br \/>\n12.00 a 13.00, na mszy w pszowskiej bazylice. Siedzia\u0142a w pierwszej \u0142awce.<br \/>\nRajstopy \u017c\u00f3\u0142te, w \u0142adnym odcieniu (mi\u0119dzy cytryn\u0105 a kanarkiem),<br \/>\nszczup\u0142e nogi, seledynowa minisp\u00f3dniczka, czarne lakierki,<br \/>\nbr\u0105zowy kapelusik. Filuterne b\u0142yski w k\u0105cikach ust.<br \/>\nMia\u0142a jakie\u015b dziesi\u0119\u0107 lat i braciszka pod opiek\u0105.<\/p>\n<p class=\"article--paragraph\">Nie umia\u0142em oderwa\u0107 od niej my\u015bli. Wyobra\u017ca\u0142em j\u0105 sobie za trzy<br \/>\nlata, za trzyna\u015bcie, trzydzie\u015bci, trzysta. Jak przemienia si\u0119 w gazel\u0119,<br \/>\nw upragnion\u0105, w rodz\u0105c\u0105, w odchodz\u0105c\u0105. W proch. W anio\u0142a.<br \/>\nWidzia\u0142em jej portret w siatce zmarszczek i paj\u0119czyn,<br \/>\npod warstw\u0105 emalii na przeci\u0119ciu ramion<br \/>\nnagrobnego krzy\u017ca.<\/p>\n<p>Nie przypuszcza\u0142a zapewne, \u017ce moje trudno\u015bci z p\u0142ynnym odprawianiem<br \/>\nmszy p\u0142yn\u0105 z jej powodu. Wszystko jest w jej \u017cyciu mo\u017cliwe, my\u015bla\u0142em<br \/>\nz trwog\u0105 i zachwytem:<br \/>\nobci\u0119ta pier\u015b, syn alkoholik, chwile szcz\u0119\u015bcia o \u015bwicie,<br \/>\nw czerwcu, w ogrodzie. Po\u017cywa\u0142em Cia\u0142o, pi\u0142em Krew do ostatniej kropli.<br \/>\nRozumia\u0142em, wierzy\u0142em, \u017ce wszystko w niej jest obj\u0119te, wybaczone, \u015bwi\u0119te.<\/p>\n<p>I ol\u015bnienie, kiedy czy\u015bci\u0142em kielich, kiedy wertowa\u0142em msza\u0142:<br \/>\nnajpi\u0119kniejsze, co mog\u0142o si\u0119 przydarzy\u0107 tej ziemi, to chrze\u015bcija\u0144stwo.<\/p><\/blockquote>\n<p class=\"article--paragraph\">Psz\u00f3w, 9 wrze\u015bnia 2001 r.<br \/>\nWiesz z tomu <em class=\"article--em\">B\u0142\u0119kit<\/em> (2003)<\/p>\n<p>[\/vc_column_text][\/vc_tta_section][vc_tta_section title=&#8221;W Lublinie&#8221; tab_id=&#8221;1748591972702-6d74e537-5ddc&#8221;][vc_column_text css=&#8221;&#8221;]<\/p>\n<blockquote class=\"article--quote\">\n<p class=\"article--paragraph\">coraz m\u0142odsze dziewczyny<br \/>\nca\u0142uj\u0105 coraz m\u0142odszych ch\u0142opak\u00f3w.<br \/>\nTo niezwyk\u0142e zjawisko,<br \/>\nczym to si\u0119 sko\u0144czy \u2013<br \/>\n&#8211; nikt w\u0142a\u015bciwie nie wie.<br \/>\nM\u00f3wi\u0105, \u017ce \u015bmierci\u0105.<br \/>\nAle jak to, czyj\u0105?<\/p>\n<\/blockquote>\n<p class=\"article--paragraph\">Lublin, Trybunalska, 17 wrze\u015bnia 2017 r.<\/p>\n<p>Wiersz z tomu\u00a0<em>Ogr\u00f3d (2020)<\/em>[\/vc_column_text][\/vc_tta_section][vc_tta_section title=&#8221;Piosenka o ko\u0144cu moich Katowic&#8221; tab_id=&#8221;1748592507711-3ff89ec6-0591&#8243;][vc_column_text css=&#8221;&#8221;]<\/p>\n<blockquote><p>\u017begnajcie, Katowice.<\/p>\n<p>&nbsp;<\/p>\n<p>By\u0142o dobre wszystko,<\/p>\n<p>o nic nie mam \u017calu.<\/p>\n<p>To, co mia\u0142o si\u0119 zdarzy\u0107,<\/p>\n<p>tu si\u0119 nie zdarzy\u0142o.<\/p>\n<p>Czego mia\u0142o nie by\u0107,<\/p>\n<p>tu si\u0119 w\u0142a\u015bnie sta\u0142o.<\/p>\n<p>&nbsp;<\/p>\n<p>Na przyk\u0142ad poranki,<\/p>\n<p>s\u0142oneczne i ch\u0142odne,<\/p>\n<p>tu\u017c przed wyk\u0142adami:<\/p>\n<p>sz\u0142o si\u0119 w d\u00f3\u0142, Wita Stwosza,<\/p>\n<p>z\u0142otym dywanem li\u015bci,<\/p>\n<p>w p\u00f3\u0142cieniu platan\u00f3w.<\/p>\n<p>&nbsp;<\/p>\n<p>Hlond, wpatrzony w katedr\u0119,<\/p>\n<p>temu b\u0142ogos\u0142awi\u0142.<\/p>\n<p>M\u00f3wi\u0105, \u017ce skamienia\u0142,<\/p>\n<p>kiedy w czas zarazy<\/p>\n<p>bezczeszczono plac<\/p>\n<p>przed \u015bwi\u0105tyni\u0105 Kr\u00f3la.<\/p>\n<p>&nbsp;<\/p>\n<p>\u015al\u0105sku m\u00f3j, G\u00f3rny \u015al\u0105sku,<\/p>\n<p>ziemio jasnociemna,<\/p>\n<p>dumna i korna,<\/p>\n<p>ziemio moja rodzinna.<\/p>\n<p>Z ciebie mi bole\u015b\u0107.<\/p>\n<p>I \u015bwiat\u0142o.<\/p>\n<p>&nbsp;<\/p>\n<p>\u017begnaj, Miasto.<\/p>\n<p>D\u0142ugo si\u0119 ciebie uczy\u0142em.<\/p>\n<p>A teraz<\/p>\n<p>&nbsp;<\/p>\n<p>hulajnoga \u015bmiga Plebiscytow\u0105,<\/p>\n<p>Kabowerdyjczyk wiezie diet\u0119 pude\u0142kow\u0105.<\/p>\n<p>P\u0119dzi te\u017c na Ba\u017cantowo<\/p>\n<p>z postmikrobiotyczn\u0105 wod\u0105 butelkow\u0105<\/p>\n<p>smuk\u0142y Sikh ze start-upu Glovo<\/p>\n<p>&nbsp;<\/p>\n<p>lecz<\/p>\n<p>na 3 Maja bezdomni rozk\u0142adaj\u0105 kartony<\/p>\n<p>a nad Tysi\u0105cleciem czarnym stadem ko\u0142uj\u0105<\/p>\n<p>gawrony<\/p>\n<p>&nbsp;<\/p>\n<p>i<\/p>\n<p>p\u0119ka rym, \u0142amie si\u0119 tw\u00f3j rytm,<\/p>\n<p>samolot kre\u015bli \u00f3semki pod niebem Muchowca,<\/p>\n<p>na Mariackiej s\u0142ycha\u0107 nocami muzyk\u0119,<\/p>\n<p>pustoszej\u0105 twoje ko\u015bcio\u0142y<\/p>\n<p>&nbsp;<\/p>\n<p>lecz<\/p>\n<p>dop\u00f3ki wieczne w nich lampki p\u0142on\u0105,<\/p>\n<p>dop\u00f3ki trzmiel nawiedza r\u00f3\u017c\u0119,<\/p>\n<p>trwaj.<\/p>\n<p>&nbsp;<\/p>\n<p>Innego ko\u0144ca nie b\u0119dzie<\/p>\n<p>&nbsp;<\/p><\/blockquote>\n<p>wrzesie\u0144-pa\u017adziernik 2023 r.<\/p>\n<p>Wiersz z tomu\u00a0<em>Ogr\u00f3d (2020)<\/em>[\/vc_column_text][\/vc_tta_section][vc_tta_section title=&#8221;Gra w pi\u0142k\u0119. Wczesny wiecz\u00f3r, latem&#8221; tab_id=&#8221;1748592894230-12127443-7cdd&#8221;][vc_column_text css=&#8221;&#8221;]<em>Marysi<\/em><\/p>\n<blockquote><p>Masz osiem lat,<\/p>\n<p>ko\u0144ski ogon \u00e0 la Camoranesi<\/p>\n<p>i podrabian\u0105 koszulk\u0119 reprezentacji Brazylii na sobie.<\/p>\n<p>&nbsp;<\/p>\n<p>Strzelam na Twoj\u0105 bramk\u0119.<\/p>\n<p>Za\u015bmiewamy si\u0119 oboje.<\/p>\n<p>Nadaj\u0119 pi\u0142ce rotacj\u0119, celuj\u0119 w okienko,<\/p>\n<p>dbam o to, \u017ceby\u015b si\u0119 nie ba\u0142a.<\/p>\n<p>Ani pi\u0142ki,<\/p>\n<p>ani utraty gola,<\/p>\n<p>ani niczego.<\/p>\n<p>&nbsp;<\/p>\n<p>Nad nami dogasaj\u0105 lipcowe zorze<\/p>\n<p>(pomy\u015bl, jacy byli\u015bmy wtedy szcz\u0119\u015bliwi).<\/p>\n<p>Moje my\u015bli s\u0105 daleko st\u0105d,<\/p>\n<p>ale moje serce jest ufne, przy Tobie.<\/p>\n<p>&nbsp;<\/p>\n<p>Widz\u0119, jak pewnego dnia<\/p>\n<p>dotykasz jedwabistej mi\u0119kko\u015bci bia\u0142ej sukni<\/p>\n<p>albo szorstkiego brzegu habitu.<\/p>\n<p>Jak On zechce, b\u0105d\u017a wolna.<\/p>\n<p>&nbsp;<\/p>\n<p>Widz\u0119 te\u017c, jak<\/p>\n<p>dotykasz tych, kt\u00f3rych Ci powierzy.<\/p>\n<p>Jak dobr\u0105 b\u0119dziesz kobiet\u0105.<\/p>\n<p>&nbsp;<\/p>\n<p>I widz\u0119, jak<\/p>\n<p>dotykasz mojego policzka w chwili, kiedy odchodz\u0119.<\/p>\n<p>B\u0119dziesz wtedy blisko, wiem.<\/p>\n<p>Bywam nie najgorszym prorokiem, zobaczysz.<\/p>\n<p>&nbsp;<\/p>\n<p>Ale teraz trwa ten wiecz\u00f3r na naszym boisku.<\/p>\n<p>I za\u015bmiewamy si\u0119 oboje.<\/p>\n<p>Do utraty tchu<\/p>\n<p>&nbsp;<\/p><\/blockquote>\n<p>Woodinville, 8 sierpnia 2006 r.<\/p>\n<p>Brenna, 6 wrze\u015bnia 2006 r.<\/p>\n<p>Wiersz z tomu <em>Cierpliwo\u015b\u0107 Boga <\/em>(2006)[\/vc_column_text][\/vc_tta_section][vc_tta_section title=&#8221;List do Mamy&#8221; tab_id=&#8221;1748593723359-b4e0d6f4-13b1&#8243;][vc_column_text css=&#8221;&#8221;]<em>(&#8230;) Jezus, kt\u00f3ry jest wiecznie m\u0142odzie\u0144cem<\/em><\/p>\n<p><em>widzi w nich ci\u0105gle swoje narzeczone<\/em><\/p>\n<p><em>widzi w nich zawsze te pi\u0119kne dziewczyny<\/em><\/p>\n<p><em>kt\u00f3re w czerwcowe wieczory stroi\u0142y w klonowe<\/em><\/p>\n<p style=\"text-align: center;\"><em>wie\u0144ce<\/em><\/p>\n<p><em>w peonie i w ja\u015bminy w girlandy i wst\u0105\u017cki<\/em><\/p>\n<p><em>feretrony na Bo\u017ce Cia\u0142o na procesj\u0119<\/em><\/p>\n<p>Ks. Janusz Stanis\u0142aw Pasierb<\/p>\n<p>&nbsp;<\/p>\n<blockquote><p>to by\u0142 sosnowy las, Mamusiu.<\/p>\n<p>Drzewa pachnia\u0142y suchym, s\u0142onecznym latem,<\/p>\n<p>kt\u00f3re co dopiero si\u0119 sko\u0144czy\u0142o.<\/p>\n<p>By\u0142a po\u0142owa wrze\u015bnia.<\/p>\n<p>Wieczory by\u0142y jeszcze ciep\u0142e, ale spada\u0142y ju\u017c na nas<\/p>\n<p>kr\u00f3tkie, obfite deszcze, zapowied\u017a jesieni,<\/p>\n<p>pami\u0119tasz, Mamusiu?<\/p>\n<p>&nbsp;<\/p>\n<p>My\u015bl\u0119 teraz o tych dniach,<\/p>\n<p>kt\u00f3re nam da\u0142 B\u00f3g: w Olsztynie, Bobolicach,<\/p>\n<p>i wcze\u015bniej: o wodach Kwisy, \u015bpiewie ptak\u00f3w<\/p>\n<p>w czerwcu, na kraw\u0119dzi nocy i \u015bwitu,<\/p>\n<p>o Krakowie, prostocie, cierpieniu.<\/p>\n<p>&nbsp;<\/p>\n<p>Nic z\u0142ego si\u0119 nie dzieje,<\/p>\n<p>cho\u0107 sama wiesz, \u017ce jest taki rodzaj<\/p>\n<p>pami\u0119ci szcz\u0119\u015bcia, kt\u00f3ry zapiera dech<\/p>\n<p>i pl\u0105cze krok. I nie da si\u0119 tego wytrzyma\u0107.<\/p>\n<p>&nbsp;<\/p>\n<p>Wiem, \u017ce jeste\u015b ci\u0105gle t\u0105 sam\u0105 dziewczyn\u0105,<\/p>\n<p>kt\u00f3ra w majowy wiecz\u00f3r myje majolikow\u0105<\/p>\n<p>Bo\u017c\u0105 M\u0119k\u0119 w murze parkowego ko\u015bcio\u0142a<\/p>\n<p>w Kokoszycach. \u017be jeste\u015b jak Weronika &#8211;<\/p>\n<p>&#8211; Jego ulg\u0105 i pociech\u0105. I ci\u0105gle patrzysz,<\/p>\n<p>jak wtedy, szesnastoletnimi oczami w niebo,<\/p>\n<p>truchlej\u0105c, nie wiedz\u0105c. Ale wierz\u0105c.<\/p>\n<p>&nbsp;<\/p>\n<p>Ja teraz patrz\u0119 w za\u0142zawione,<\/p>\n<p>miodowe oczy wrze\u015bnia,<\/p>\n<p>na sosnowy las.<\/p>\n<p>Mamo,<\/p>\n<p>Mamusiu,<\/p>\n<p>nie m\u00f3wi\u0119 wszystkiego, wiesz<\/p><\/blockquote>\n<p>&nbsp;<\/p>\n<p>Psz\u00f3w\/Katowice, wrzesie\u0144 2012 r. &#8211; marzec 2014 r.<\/p>\n<p>Wiersz z tomu <em>Hilasterion <\/em>(2014)[\/vc_column_text][\/vc_tta_section][vc_tta_section title=&#8221;Coldplay. S\u0142uchaj\u0105c radia, w Bia\u0142ymstoku&#8221; tab_id=&#8221;1748594471223-ff338ee1-cf9e&#8221;][vc_column_text css=&#8221;&#8221;]<\/p>\n<blockquote><p>M\u00f3wi\u0105, \u017ce dzisiaj koncert Coldplay w Warszawie,<br \/>\ni \u017ce b\u0119dzie to wydarzenie wi\u0119ksze ni\u017c sierpniowa Madonna,<br \/>\nw ubieg\u0142ym roku, w Matk\u0119 Bosk\u0105 Zieln\u0105.<br \/>\nI \u017ce <em class=\"article--em\">Mylo Xyloto<\/em>, pi\u0105tego albumu ch\u0142opak\u00f3w<br \/>\nz Coldplay, s\u0142uchamy na okr\u0105g\u0142o w pubach i klubach,<br \/>\ni \u017ce jest deszcz w Warszawie,<br \/>\ni \u017ce w prozie jest modny wielki bluzg.<\/p>\n<p>Odejd\u017a ode mnie, Panie, bom jest cz\u0142owiek grzeszny,<br \/>\nszepcz\u0119 do Pana tego popo\u0142udnia,<br \/>\ns\u0142uchaj\u0105c radia w Bia\u0142ymstoku.<\/p>\n<p>M\u00f3wi\u0105 teraz, \u017ce paradontax skutecznie zapobiegnie<br \/>\nkrwawieniu moich dzi\u0105se\u0142 i \u015bpiewaj\u0105,<br \/>\n\u017ce to b\u0119dzie nasz ostatni taniec,<br \/>\nbo \u017cycie nie chce dla nas gra\u0107,<br \/>\nale ch\u0142opaki z Coldplay zaraz zagraj\u0105<br \/>\n<em class=\"article--em\">Viva la Vida or Death<\/em> and <em class=\"article--em\">All His Friends.<\/em><\/p>\n<p>Pomi\u0119dzy reklam\u0105<br \/>\na pierwszymi akordami<br \/>\nneurotycznej gitary Jonny\u2019ego Bucklanda,<br \/>\ns\u0142ysz\u0119 Pana, s\u0142uchaj\u0105c radia w Bia\u0142ymstoku,<br \/>\ns\u0142ysz\u0119 Go wyra\u017anie, jakbym s\u0142ysza\u0142 ciebie,<br \/>\nna m\u00f3j szept odpowiada:<br \/>\nnie b\u00f3j si\u0119,<br \/>\nchc\u0119, by\u015b ich \u0142owi\u0142.<\/p><\/blockquote>\n<p>Bia\u0142ystok, 19 wrze\u015bnia 2012 r.<br \/>\nz tomu <em>Hilasterion<\/em> (2014)[\/vc_column_text][\/vc_tta_section][\/vc_tta_tabs][\/vc_column][\/vc_row]<\/p>\n<\/div>","protected":false},"excerpt":{"rendered":"<p>[vc_row][vc_column][vc_tta_tabs][vc_tta_section title=&#8221;By\u0107 \u015bl\u0105skim ksi\u0119dzem&#8221; tab_id=&#8221;1748590978771-66ab8a99-4120&#8243;][vc_column_text css=&#8221;&#8221;] Przyjacio\u0142om z katowickiego rocznika \u015bwi\u0119ce\u0144 1979 \u201eBy\u0142 tam ogr\u00f3d, do kt\u00f3rego wszed\u0142 On i Jego uczniowie, [\u2026] a Jego pot by\u0142 jak g\u0119ste krople krwi s\u0105cz\u0105ce si\u0119 na ziemi\u0119\u201d (J 18, 1b; \u0141k 22, 44b) Nie spod figowc\u00f3w, ani spo\u015br\u00f3d g\u0119stych koron sykomor, ani ze szpaleru cyprys\u00f3w nas wezwa\u0142.&hellip;<\/p>\n","protected":false},"author":1,"featured_media":0,"parent":0,"menu_order":0,"comment_status":"closed","ping_status":"closed","template":"","meta":{"give_campaign_id":0,"footnotes":""},"class_list":["post-8","page","type-page","status-publish","hentry","description-off"],"campaignId":"","_links":{"self":[{"href":"https:\/\/jerzyszymik.pl\/index.php\/wp-json\/wp\/v2\/pages\/8","targetHints":{"allow":["GET"]}}],"collection":[{"href":"https:\/\/jerzyszymik.pl\/index.php\/wp-json\/wp\/v2\/pages"}],"about":[{"href":"https:\/\/jerzyszymik.pl\/index.php\/wp-json\/wp\/v2\/types\/page"}],"author":[{"embeddable":true,"href":"https:\/\/jerzyszymik.pl\/index.php\/wp-json\/wp\/v2\/users\/1"}],"replies":[{"embeddable":true,"href":"https:\/\/jerzyszymik.pl\/index.php\/wp-json\/wp\/v2\/comments?post=8"}],"version-history":[{"count":7,"href":"https:\/\/jerzyszymik.pl\/index.php\/wp-json\/wp\/v2\/pages\/8\/revisions"}],"predecessor-version":[{"id":1548,"href":"https:\/\/jerzyszymik.pl\/index.php\/wp-json\/wp\/v2\/pages\/8\/revisions\/1548"}],"wp:attachment":[{"href":"https:\/\/jerzyszymik.pl\/index.php\/wp-json\/wp\/v2\/media?parent=8"}],"curies":[{"name":"wp","href":"https:\/\/api.w.org\/{rel}","templated":true}]}}