{"id":6,"date":"2025-02-10T21:56:23","date_gmt":"2025-02-10T21:56:23","guid":{"rendered":"http:\/\/jerzyszymik.pl\/index.php\/donation-confirmation\/"},"modified":"2026-01-28T13:41:33","modified_gmt":"2026-01-28T13:41:33","slug":"wywiadykonferencjenagrania","status":"publish","type":"page","link":"https:\/\/jerzyszymik.pl\/index.php\/wywiadykonferencjenagrania\/","title":{"rendered":"Wywiady \/ Konferencje \/ Nagrania"},"content":{"rendered":"<div class=\"wpb-content-wrapper\"><p>[vc_row][vc_column][vc_column_text css=&#8221;&#8221;]<\/p>\n<h3 class=\"style-scope ytd-watch-metadata\">Mi\u0142o\u015b\u0107 w\u0142ada mn\u0105 jak dawniej &#8211; ks. Jerzy Szymik<\/h3>\n<p>Program 21.00 Credo &#8211; rozmowy o wierze w Radiu eM, data publikacji: 22.01.2026[\/vc_column_text][vc_btn title=&#8221;Kliknij tutaj aby pos\u0142ucha\u0107&#8221; color=&#8221;primary&#8221; css=&#8221;&#8221; link=&#8221;url:https%3A%2F%2Fwww.radioem.pl%2Fdoc%2F9572327.Milosc-wlada-mna-jak-dawniej-ks-Jerzy-Szymik|target:_blank&#8221;][vc_separator color=&#8221;black&#8221; css=&#8221;&#8221;][vc_column_text css=&#8221;&#8221;]<\/p>\n<h3 class=\"style-scope ytd-watch-metadata\">Benefis ks. prof. Jerzego Szymika, 7 marca 2025, Psz\u00f3w<\/h3>\n<p>[\/vc_column_text][vc_btn title=&#8221;Kliknij tutaj aby pos\u0142ucha\u0107&#8221; color=&#8221;primary&#8221; css=&#8221;&#8221; link=&#8221;url:https%3A%2F%2Fwww.youtube.com%2Fwatch%3Fv%3DfIIW6KoHKos|target:_blank&#8221;][vc_separator color=&#8221;black&#8221; css=&#8221;&#8221;][vc_column_text css=&#8221;&#8221;]<\/p>\n<h3 class=\"style-scope ytd-watch-metadata\">WA\u017bNE ROZMOWY: O pi\u0119knie z ks. prof. Jerzym Szymikiem<\/h3>\n<p>Rozmowa z Dominik\u0105 Bem w radiu eM, data publikacji: 28.01.2025[\/vc_column_text][vc_btn title=&#8221;Kliknij tutaj aby pos\u0142ucha\u0107&#8221; color=&#8221;primary&#8221; css=&#8221;&#8221; link=&#8221;url:https%3A%2F%2Fwww.youtube.com%2Fwatch%3Fv%3DHZ_G7EE4kJc|target:_blank&#8221;][vc_separator color=&#8221;black&#8221; css=&#8221;&#8221;][vc_column_text css=&#8221;&#8221;]<\/p>\n<h3 class=\"style-scope ytd-watch-metadata\">Odwaga przyznania si\u0119 do Jezusa w poezji. Rozmowa z ks. prof. Jerzym Szymikiem<\/h3>\n<p>Rozmowa z Dominik\u0105 Bem w radiu eM, data publikacji: 17.10.2024[\/vc_column_text][vc_btn title=&#8221;Kliknij tutaj aby pos\u0142ucha\u0107&#8221; color=&#8221;primary&#8221; css=&#8221;&#8221; link=&#8221;url:https%3A%2F%2Fwww.youtube.com%2Fwatch%3Fv%3DShFU6blt9aA|target:_blank&#8221;][vc_separator color=&#8221;black&#8221; css=&#8221;&#8221;][vc_tta_tour active_section=&#8221;1&#8243; title=&#8221;Benedykt XVI&#8221;][vc_tta_section title=&#8221;Mozarteum. Synteza teologii Benedykta XVI&#8221; tab_id=&#8221;1752767644062-1582b8b5-352b&#8221;][vc_column_text css=&#8221;&#8221;]<\/p>\n<h5>Teologia. Czym jest? [1\/5]<\/h5>\n<p>[\/vc_column_text][vc_btn title=&#8221;Kliknij tutaj aby pos\u0142ucha\u0107&#8221; color=&#8221;primary&#8221; css=&#8221;&#8221; link=&#8221;url:https%3A%2F%2Fwww.youtube.com%2Fwatch%3Fv%3DKJDrsahV8WE|target:_blank&#8221;][vc_separator css=&#8221;&#8221;][vc_column_text css=&#8221;&#8221;]<\/p>\n<h5>B\u00f3g. Kim jest? [2\/5]<\/h5>\n<p>[\/vc_column_text][vc_btn title=&#8221;Kliknij tutaj aby pos\u0142ucha\u0107&#8221; color=&#8221;primary&#8221; css=&#8221;&#8221; link=&#8221;url:https%3A%2F%2Fwww.youtube.com%2Fwatch%3Fv%3D2Bunr-2Dyio|target:_blank&#8221;][vc_separator css=&#8221;&#8221;][vc_column_text css=&#8221;&#8221;]<\/p>\n<h5 class=\"style-scope ytd-watch-metadata\">Syn jako rozdarta zas\u0142ona [3\/5]<\/h5>\n<p>[\/vc_column_text][vc_btn title=&#8221;Kliknij tutaj aby pos\u0142ucha\u0107&#8221; color=&#8221;primary&#8221; css=&#8221;&#8221; link=&#8221;url:https%3A%2F%2Fwww.youtube.com%2Fwatch%3Fv%3DN3YnO7tZ4hE|target:_blank&#8221;][vc_separator css=&#8221;&#8221;][vc_column_text css=&#8221;&#8221;]<\/p>\n<h5 class=\"style-scope ytd-watch-metadata\">Ko\u015bci\u00f3\u0142. Kim jest? [4\/5]<\/h5>\n<p>[\/vc_column_text][vc_btn title=&#8221;Kliknij tutaj aby pos\u0142ucha\u0107&#8221; color=&#8221;primary&#8221; css=&#8221;&#8221; link=&#8221;url:https%3A%2F%2Fwww.youtube.com%2Fwatch%3Fv%3D-o6wdc8nRJs|target:_blank&#8221;][vc_separator css=&#8221;&#8221;][vc_column_text css=&#8221;&#8221;]<\/p>\n<h5 class=\"style-scope ytd-watch-metadata\">Maryja. Dlaczego w\u0142a\u015bnie Ona? [5\/5]<\/h5>\n<p>[\/vc_column_text][vc_btn title=&#8221;Kliknij tutaj aby pos\u0142ucha\u0107&#8221; color=&#8221;primary&#8221; css=&#8221;&#8221; link=&#8221;url:https%3A%2F%2Fwww.youtube.com%2Fwatch%3Fv%3DuXLSAyivP-I|target:_blank&#8221;][vc_separator css=&#8221;&#8221;][\/vc_tta_section][vc_tta_section title=&#8221;Konferencja: (Nie) znana duchowo\u015b\u0107 Benedykta XVI&#8221; tab_id=&#8221;1752767644072-040406f6-6da0&#8243;][vc_column_text css=&#8221;&#8221;]Duchowo\u015b\u0107 dla Warszawy &#8211; cykl wyk\u0142ad\u00f3w otwartych Akademii Katolickiej w Warszawie (akademiakatolicka.pl) we wsp\u00f3\u0142pracy z Narodowym Instytutem Kultury i Dziedzictwa Wsi. W spotkaniu 7.03. 2023 r. go\u015bciem by\u0142 ks. prof. dr hab. Jerzy Szymik. Temat: (Nie) znana duchowo\u015b\u0107 Benedykta XVI Prowadzenie: s. dr hab. Judyta Pude\u0142ko (AKW). Wprowadzenie i podsumowanie: ks. prof. dr hab. Krzysztof Pawlina, Rektor Akademii Katolickiej w Warszawie.[\/vc_column_text][vc_btn title=&#8221;Kliknij tutaj aby pos\u0142ucha\u0107&#8221; color=&#8221;primary&#8221; css=&#8221;&#8221; link=&#8221;url:https%3A%2F%2Fwww.youtube.com%2Fwatch%3Fv%3DKAmFo4z2Cy4|target:_blank&#8221;][\/vc_tta_section][vc_tta_section title=&#8221;Ratzinger i sztuka Benedykta XVI. Estetyka teologiczna&#8221; tab_id=&#8221;1752769002489-7af959b8-996e&#8221;][vc_column_text css=&#8221;&#8221;]Trzeci z cyklu wyk\u0142ad\u00f3w organizowanych w ramach projektu \u201eNamalowa\u0107 katolicyzm od nowa\u201d, po\u015bwi\u0119conych zwi\u0105zkom teologii, sztuki i filozofii. Prelekcja ks. prof. Jerzego Szymika, po\u015bwi\u0119cona estetyce teologicznej Benedykta XVI.[\/vc_column_text][vc_btn title=&#8221;Kliknij tutaj aby pos\u0142ucha\u0107&#8221; color=&#8221;primary&#8221; css=&#8221;&#8221; link=&#8221;url:https%3A%2F%2Fwww.youtube.com%2Fwatch%3Fv%3Ds2V1xskMQwM|target:_blank&#8221;][\/vc_tta_section][\/vc_tta_tour][vc_tta_tour active_section=&#8221;1&#8243; title=&#8221;Zeszyt Formacji Duchowej &#8222;Prymat Boga w czasach zarazy&#8222;:&#8221;][vc_tta_section title=&#8221;Homilia: O pierwsze\u0144stwie Boga&#8221; tab_id=&#8221;1752768475439-959f14f8-ef63&#8243;][vc_btn title=&#8221;Kliknij tutaj aby pos\u0142ucha\u0107&#8221; color=&#8221;primary&#8221; css=&#8221;&#8221; link=&#8221;url:https%3A%2F%2Fwww.youtube.com%2Fwatch%3Fv%3D21bVDnZuZn8|target:_blank&#8221;][\/vc_tta_section][vc_tta_section title=&#8221;Homilia: O rado\u015bci z Boga&#8221; tab_id=&#8221;1752769390553-1ab9a811-aac9&#8243;][vc_btn title=&#8221;Kliknij tutaj aby pos\u0142ucha\u0107&#8221; color=&#8221;primary&#8221; css=&#8221;&#8221; link=&#8221;url:https%3A%2F%2Fwww.youtube.com%2Fwatch%3Fv%3D2i-oJBvWYPk|target:_blank&#8221;][\/vc_tta_section][vc_tta_section title=&#8221;Konferencja: Pytania i odpowiedzi&#8221; tab_id=&#8221;1752769449629-db18b2cc-afff&#8221;][vc_btn title=&#8221;Kliknij tutaj aby pos\u0142ucha\u0107&#8221; color=&#8221;primary&#8221; css=&#8221;&#8221; link=&#8221;url:https%3A%2F%2Fwww.youtube.com%2Fwatch%3Fv%3DoHudu2RIXhw|target:_blank&#8221;][\/vc_tta_section][\/vc_tta_tour][vc_tta_tour active_section=&#8221;1&#8243; title=&#8221;Rekolekcje Wielkopostne &#8222;Bogu samemu s\u0142u\u017cy\u0107 b\u0119dziesz&#8222;&#8221;][vc_tta_section title=&#8221;Homilia: Prawda o mojej religijno\u015bci&#8221; tab_id=&#8221;1752770813781-30b934cb-edc5&#8243;][vc_column_text css=&#8221;&#8221;]Homilia wyg\u0142oszona przez ks. prof. Jerzego Szymika w czasie wielkopostnych rekolekcji Duszpasterstwa Akademickiego w Rybniku w pi\u0105tek 28.02.2020r.<\/p>\n<p>Liturgia S\u0142owa: Iz 58,1-9a ; Ps 51; Mt 9, 14-15[\/vc_column_text][vc_btn title=&#8221;Kliknij tutaj aby pos\u0142ucha\u0107&#8221; color=&#8221;primary&#8221; css=&#8221;&#8221; link=&#8221;url:https%3A%2F%2Fwww.youtube.com%2Fwatch%3Fv%3DHbzG5QIE-kw%26list%3DPLhC5S0l4uVmakAPuH_MNKZ0uhY3ZSIzgH|target:_blank&#8221;][\/vc_tta_section][vc_tta_section title=&#8221;Konferencja: C\u00f3\u017c to jest prawda?&#8221; tab_id=&#8221;1752771169464-6af1eb47-c0ee&#8221;][vc_column_text css=&#8221;&#8221;]Pierwsza konferencja wyg\u0142oszona przez ks. prof. Jerzego Szymika w czasie wielkopostnych rekolekcji Duszpasterstwa Akademickiego w Rybniku w pi\u0105tek 28.02.2020r.[\/vc_column_text][vc_btn title=&#8221;Kliknij tutaj aby pos\u0142ucha\u0107&#8221; color=&#8221;primary&#8221; css=&#8221;&#8221; link=&#8221;url:https%3A%2F%2Fwww.youtube.com%2Fwatch%3Fv%3Dcab1QT-8FIw%26list%3DPLhC5S0l4uVmakAPuH_MNKZ0uhY3ZSIzgH%26index%3D2|target:_blank&#8221;][\/vc_tta_section][vc_tta_section title=&#8221;Homilia: Nie m\u00f3w przewrotnie!&#8221; tab_id=&#8221;1752770813838-b704db33-5ff8&#8243;][vc_column_text css=&#8221;&#8221;]Homilia wyg\u0142oszona przez ks. prof. Jerzego Szymika w czasie wielkopostnych rekolekcji Duszpasterstwa Akademickiego w Rybniku w sobot\u0119 29.02.2020r.<\/p>\n<p>Liturgia S\u0142owa: Iz 58, 9b-14 ; Ps 86 (85) ; \u0141k 5, 27-32[\/vc_column_text][vc_btn title=&#8221;Kliknij tutaj aby pos\u0142ucha\u0107&#8221; color=&#8221;primary&#8221; css=&#8221;&#8221; link=&#8221;url:https%3A%2F%2Fwww.youtube.com%2Fwatch%3Fv%3DO_MV5z3zYF4%26list%3DPLhC5S0l4uVmakAPuH_MNKZ0uhY3ZSIzgH%26index%3D3|target:_blank&#8221;][\/vc_tta_section][vc_tta_section title=&#8221;Konferencja: Chrze\u015bcija\u0144stwo d\u0142awi czy umo\u017cliwia wolno\u015b\u0107?&#8221; tab_id=&#8221;1752770813814-9dc42e16-567c&#8221;][vc_column_text css=&#8221;&#8221;]Druga konferencja wyg\u0142oszona przez ks. prof. Jerzego Szymika w czasie wielkopostnych rekolekcji Duszpasterstwa Akademickiego w Rybniku w sobot\u0119 29.02.2020r.[\/vc_column_text][vc_btn title=&#8221;Kliknij tutaj aby pos\u0142ucha\u0107&#8221; color=&#8221;primary&#8221; css=&#8221;&#8221; link=&#8221;url:https%3A%2F%2Fwww.youtube.com%2Fwatch%3Fv%3DjY6z8mNJqrU%26list%3DPLhC5S0l4uVmakAPuH_MNKZ0uhY3ZSIzgH%26index%3D4|target:_blank&#8221;][\/vc_tta_section][vc_tta_section title=&#8221;Homilia: Nie moja lecz Twoja wola&#8221; tab_id=&#8221;1752771255018-a8967adb-9cc5&#8243;][vc_column_text css=&#8221;&#8221;]Homilia wyg\u0142oszona przez ks. prof. Jerzego Szymika w czasie wielkopostnych rekolekcji Duszpasterstwa Akademickiego w Rybniku w niedziel\u0119 1.03.2020r.<\/p>\n<p>Liturgia S\u0142owa: Rdz 2,7-9;3,1-7 ; Ps 51 ; Rz 5,12-19 ; Mt 4,1-11[\/vc_column_text][vc_btn title=&#8221;Kliknij tutaj aby pos\u0142ucha\u0107&#8221; color=&#8221;primary&#8221; css=&#8221;&#8221; link=&#8221;url:https%3A%2F%2Fwww.youtube.com%2Fwatch%3Fv%3DWDDMgEegYZk%26list%3DPLhC5S0l4uVmakAPuH_MNKZ0uhY3ZSIzgH%26index%3D5|target:_blank&#8221;][\/vc_tta_section][vc_tta_section title=&#8221;Konferencja: Bogu samemu s\u0142u\u017cy\u0107 b\u0119dziesz&#8221; tab_id=&#8221;1752771325145-fa96bee1-8645&#8243;][vc_column_text css=&#8221;&#8221;]Trzecia i ostatnia konferencja wyg\u0142oszona przez ks. prof. Jerzego Szymika w czasie wielkopostnych rekolekcji Duszpasterstwa Akademickiego w Rybniku w niedziel\u0119 1.03.2020r.[\/vc_column_text][vc_btn title=&#8221;Kliknij tutaj aby pos\u0142ucha\u0107&#8221; color=&#8221;primary&#8221; css=&#8221;&#8221; link=&#8221;url:https%3A%2F%2Fwww.youtube.com%2Fwatch%3Fv%3DzWG_0E-P_EQ%26list%3DPLhC5S0l4uVmakAPuH_MNKZ0uhY3ZSIzgH%26index%3D6|target:_blank&#8221;][\/vc_tta_section][\/vc_tta_tour][vc_tta_tour active_section=&#8221;1&#8243; title=&#8221;Poezja&#8221;][vc_tta_section title=&#8221;Z serca poety. Z ducha proroka. Tomik wierszy &#8222;Kr\u00f3l Dawid&#8222; (Teologia Polityczna)&#8221; tab_id=&#8221;1752769681560-c4ec283e-ae17&#8243;][vc_btn title=&#8221;Kliknij tutaj aby pos\u0142ucha\u0107&#8221; color=&#8221;primary&#8221; css=&#8221;&#8221; link=&#8221;url:https%3A%2F%2Fwww.youtube.com%2Fwatch%3Fv%3Dvf6XwxWeE3g|target:_blank&#8221;][\/vc_tta_section][vc_tta_section title=&#8221;Poezja w do\u015bwiadczeniu \u017cycia i wiary. Tom \u201eKr\u00f3l Dawid\u201d (2025)&#8221; tab_id=&#8221;1752837115583-a406e9a1-63c3&#8243;][vc_column_text css=&#8221;&#8221;]<span class=\"yt-core-attributed-string--link-inherit-color\" dir=\"auto\">Sympozjum Instytutu Pallottiego 25 maja 2025 roku<\/span>[\/vc_column_text][vc_btn title=&#8221;Kliknij tutaj aby pos\u0142ucha\u0107&#8221; color=&#8221;primary&#8221; css=&#8221;&#8221; link=&#8221;url:https%3A%2F%2Fwww.youtube.com%2Fwatch%3Fv%3DxAl_EeTBM_Y|target:_blank&#8221;][\/vc_tta_section][vc_tta_section title=&#8221;&#8222;Sen pszowskiej nocy letniej&#8222; &#8211; wiersz z tomu &#8222;Kr\u00f3l Dawid&#8222;&#8221; tab_id=&#8221;1752770668171-432a73f5-6f14&#8243;][vc_btn title=&#8221;Kliknij tutaj aby pos\u0142ucha\u0107&#8221; color=&#8221;primary&#8221; css=&#8221;&#8221; link=&#8221;url:https%3A%2F%2Fwww.youtube.com%2Fwatch%3Fv%3DKd3HjTHJg7M|target:_blank&#8221;][\/vc_tta_section][vc_tta_section title=&#8221;&#8222;Taniec przed Ark\u0105\u201d -wiersz z tomu &#8222;Kr\u00f3l Dawid&#8222;&#8221; tab_id=&#8221;1752836742772-e0ee0949-7e1d&#8221;][vc_btn title=&#8221;Kliknij tutaj aby pos\u0142ucha\u0107&#8221; color=&#8221;primary&#8221; css=&#8221;&#8221; link=&#8221;url:https%3A%2F%2Fwww.youtube.com%2Fwatch%3Fv%3DWZyADlzzrdU|target:_blank&#8221;][\/vc_tta_section][vc_tta_section title=&#8221;Premiera nowego tomu wierszy ks. prof. Jerzego Szymika pt: &#8222;Ogr\u00f3d&#8222; (2021)&#8221; tab_id=&#8221;1752837228307-685a92be-80f6&#8243;][vc_column_text css=&#8221;&#8221;]Ksi\u0119garnia \u015bw. Jacka zaprasza na wirtualn\u0105 premier\u0119 najwa\u017cniejszego tomu poetyckiego ks. Jerzego Szymika pt. \u201eOgr\u00f3d\u201d w kt\u00f3rym znajdziecie 77 wierszy powsta\u0142ych w latach 2017-2020[\/vc_column_text][vc_btn title=&#8221;Kliknij tutaj aby pos\u0142ucha\u0107&#8221; color=&#8221;primary&#8221; css=&#8221;&#8221; link=&#8221;url:https%3A%2F%2Fwww.youtube.com%2Fwatch%3Fv%3Dc0K8Kt4Qsqs|target:_blank&#8221;][\/vc_tta_section][vc_tta_section title=&#8221;SPOTKANIE KAROLI\u0143SKIE &#8211; Teologia i literatura, wok\u00f3\u0142 tomu &#8222;Ogr\u00f3d&#8222;&#8221; tab_id=&#8221;1752769681584-31d8d06c-36b9&#8243;][vc_btn title=&#8221;Kliknij tutaj aby pos\u0142ucha\u0107&#8221; color=&#8221;primary&#8221; css=&#8221;&#8221; link=&#8221;url:https%3A%2F%2Fwww.youtube.com%2Fwatch%3Fv%3Do2N2c3tuugg|target:_blank&#8221;][\/vc_tta_section][vc_tta_section title=&#8221;&#8222;Co znaczy by\u0107 ksi\u0119dzem&#8222; &#8211; wiersz z tomu &#8222;Ogr\u00f3d&#8222;&#8221; tab_id=&#8221;1752769925785-464b24e2-2535&#8243;][vc_btn title=&#8221;Kliknij tutaj aby pos\u0142ucha\u0107&#8221; color=&#8221;primary&#8221; css=&#8221;&#8221; link=&#8221;url:https%3A%2F%2Fwww.youtube.com%2Fwatch%3Fv%3D0-sWgNbhqng|target:_blank&#8221;][\/vc_tta_section][vc_tta_section title=&#8221;&#8222;Dodi&#8222; &#8211; wiersz z tomu &#8222;Ogr\u00f3d&#8222;&#8221; tab_id=&#8221;1752769978188-aa69fc43-4318&#8243;][vc_btn title=&#8221;Kliknij tutaj aby pos\u0142ucha\u0107&#8221; color=&#8221;primary&#8221; css=&#8221;&#8221; link=&#8221;url:https%3A%2F%2Fwww.youtube.com%2Fwatch%3Fv%3DeEqC_1drrAQ|target:_blank&#8221;][\/vc_tta_section][vc_tta_section title=&#8221;&#8222;Ogr\u00f3d w Pszowie&#8222; &#8211; wiersz z tomu &#8222;Ogr\u00f3d&#8222;&#8221; tab_id=&#8221;1752770020649-163aa964-a332&#8243;][vc_btn title=&#8221;Kliknij tutaj aby pos\u0142ucha\u0107&#8221; color=&#8221;primary&#8221; css=&#8221;&#8221; link=&#8221;url:https%3A%2F%2Fwww.youtube.com%2Fwatch%3Fv%3DxCuqWvoldeI|target:_blank&#8221;][\/vc_tta_section][vc_tta_section title=&#8221;&#8222;http:\/sledzenie.przesylki.pl&#8222; &#8211; wiersz z tomu &#8222;Ogr\u00f3d&#8222;&#8221; tab_id=&#8221;1752770121666-dd6b6390-b729&#8243;][vc_btn title=&#8221;Kliknij tutaj aby pos\u0142ucha\u0107&#8221; color=&#8221;primary&#8221; css=&#8221;&#8221; link=&#8221;url:https%3A%2F%2Fwww.youtube.com%2Fwatch%3Fv%3DiwvOegNsCCE|target:_blank&#8221;][\/vc_tta_section][vc_tta_section title=&#8221;&#8222;Podr\u00f3\u017c&#8222; &#8211; wiersz z tomu &#8222;Ogr\u00f3d&#8222;&#8221; tab_id=&#8221;1752837771382-b28b6ada-6526&#8243;][vc_btn title=&#8221;Kliknij tutaj aby pos\u0142ucha\u0107&#8221; color=&#8221;primary&#8221; css=&#8221;&#8221; link=&#8221;url:https%3A%2F%2Fwww.youtube.com%2Fwatch%3Fv%3Ds_Q2iwtGtvY|target:_blank&#8221;][\/vc_tta_section][vc_tta_section title=&#8221;Sakralne Dziedzictwo \u015al\u0105ska | Teologia. Poezja. \u017bycie |&#8221; tab_id=&#8221;1752769681603-a7d92784-2864&#8243;][vc_btn title=&#8221;Kliknij tutaj aby pos\u0142ucha\u0107&#8221; color=&#8221;primary&#8221; css=&#8221;&#8221; link=&#8221;url:https%3A%2F%2Fwww.youtube.com%2Fwatch%3Fv%3DjIz8rZSAahI|target:_blank&#8221;][\/vc_tta_section][\/vc_tta_tour][vc_separator color=&#8221;blue&#8221; css=&#8221;&#8221;][vc_column_text css=&#8221;&#8221;]<\/p>\n<h3 class=\"style-scope ytd-watch-metadata\">Konferencja: &#8222;Ojcostwo Boga a wsp\u00f3\u0142czesny kryzys ethosu ojca&#8221;<\/h3>\n<p>Wyk\u0142ad wyg\u0142oszony podczas II Mi\u0119dzynarodowego Kongresu dla Rodziny i Ma\u0142\u017ce\u0144stwa, kt\u00f3ry odby\u0142 si\u0119 w Krakowie w dniach 17-19 listopada 2022 roku.[\/vc_column_text][vc_btn title=&#8221;Kliknij tutaj aby pos\u0142ucha\u0107&#8221; color=&#8221;primary&#8221; css=&#8221;&#8221; link=&#8221;url:https%3A%2F%2Fwww.youtube.com%2Fwatch%3Fv%3DynmL7jBMCzc|target:_blank&#8221;][vc_separator color=&#8221;black&#8221; css=&#8221;&#8221;][vc_column_text css=&#8221;&#8221;]<\/p>\n<h3 class=\"style-scope ytd-watch-metadata\">Konferencja: \u015aw. Bonawentura &#8211; mistrz wsp\u00f3\u0142czesnych teolog\u00f3w 3\/3<\/h3>\n<p>Konferencja zorganizowana przez Krakowsk\u0105 Prowincj\u0119 Franciszkan\u00f3w w 2024 roku.[\/vc_column_text][vc_btn title=&#8221;Kliknij tutaj aby pos\u0142ucha\u0107&#8221; color=&#8221;primary&#8221; css=&#8221;&#8221; link=&#8221;url:https%3A%2F%2Fwww.youtube.com%2Fwatch%3Fv%3Do2sE-gaz78k|target:_blank&#8221;][vc_separator color=&#8221;black&#8221; css=&#8221;&#8221;][vc_column_text css=&#8221;&#8221;]<\/p>\n<h3 class=\"style-scope ytd-watch-metadata\">Teologowie dogmatycy \u2014 obraz po obrazie \/\/ Parzych-Blakiewicz, x. Szymik, x. Wo\u017aniak<\/h3>\n<p>Dyskusja teolog\u00f3w dogmatyk\u00f3w o scenie Nawiedzenia \u015bw. El\u017cbiety na kanwie 20 wsp\u00f3\u0142czesnych obraz\u00f3w Nawiedzenia, powsta\u0142ych w ramach projektu \u201eNamalowa\u0107 katolicyzm od nowa\u201d. W spotkaniu udzia\u0142 wzi\u0119li: Katarzyna Parzych-Blakiewicz, Ks. Jerzy Szymik, Ks. Robert Wo\u017aniak[\/vc_column_text][vc_btn title=&#8221;Kliknij tutaj aby pos\u0142ucha\u0107&#8221; color=&#8221;primary&#8221; css=&#8221;&#8221; link=&#8221;url:https%3A%2F%2Fwww.youtube.com%2Fwatch%3Fv%3DO9lrBfWgeGQ|target:_blank&#8221;][vc_separator color=&#8221;black&#8221; css=&#8221;&#8221;][\/vc_column][\/vc_row][vc_row][vc_column][\/vc_column][\/vc_row][vc_row][vc_column][\/vc_column][\/vc_row][vc_row][vc_column][\/vc_column][\/vc_row]<\/p>\n<\/div>","protected":false},"excerpt":{"rendered":"<p>[vc_row][vc_column][vc_column_text css=&#8221;&#8221;] Mi\u0142o\u015b\u0107 w\u0142ada mn\u0105 jak dawniej &#8211; ks. Jerzy Szymik Program 21.00 Credo &#8211; rozmowy o wierze w Radiu eM, data publikacji: 22.01.2026[\/vc_column_text][vc_btn title=&#8221;Kliknij tutaj aby pos\u0142ucha\u0107&#8221; color=&#8221;primary&#8221; css=&#8221;&#8221; link=&#8221;url:https%3A%2F%2Fwww.radioem.pl%2Fdoc%2F9572327.Milosc-wlada-mna-jak-dawniej-ks-Jerzy-Szymik|target:_blank&#8221;][vc_separator color=&#8221;black&#8221; css=&#8221;&#8221;][vc_column_text css=&#8221;&#8221;] Benefis ks. prof. Jerzego Szymika, 7 marca 2025, Psz\u00f3w [\/vc_column_text][vc_btn title=&#8221;Kliknij tutaj aby pos\u0142ucha\u0107&#8221; color=&#8221;primary&#8221; css=&#8221;&#8221; link=&#8221;url:https%3A%2F%2Fwww.youtube.com%2Fwatch%3Fv%3DfIIW6KoHKos|target:_blank&#8221;][vc_separator color=&#8221;black&#8221; css=&#8221;&#8221;][vc_column_text css=&#8221;&#8221;] WA\u017bNE&hellip;<\/p>\n","protected":false},"author":1,"featured_media":0,"parent":0,"menu_order":0,"comment_status":"closed","ping_status":"closed","template":"","meta":{"give_campaign_id":0,"footnotes":""},"class_list":["post-6","page","type-page","status-publish","hentry","description-off"],"campaignId":"","_links":{"self":[{"href":"https:\/\/jerzyszymik.pl\/index.php\/wp-json\/wp\/v2\/pages\/6","targetHints":{"allow":["GET"]}}],"collection":[{"href":"https:\/\/jerzyszymik.pl\/index.php\/wp-json\/wp\/v2\/pages"}],"about":[{"href":"https:\/\/jerzyszymik.pl\/index.php\/wp-json\/wp\/v2\/types\/page"}],"author":[{"embeddable":true,"href":"https:\/\/jerzyszymik.pl\/index.php\/wp-json\/wp\/v2\/users\/1"}],"replies":[{"embeddable":true,"href":"https:\/\/jerzyszymik.pl\/index.php\/wp-json\/wp\/v2\/comments?post=6"}],"version-history":[{"count":13,"href":"https:\/\/jerzyszymik.pl\/index.php\/wp-json\/wp\/v2\/pages\/6\/revisions"}],"predecessor-version":[{"id":1601,"href":"https:\/\/jerzyszymik.pl\/index.php\/wp-json\/wp\/v2\/pages\/6\/revisions\/1601"}],"wp:attachment":[{"href":"https:\/\/jerzyszymik.pl\/index.php\/wp-json\/wp\/v2\/media?parent=6"}],"curies":[{"name":"wp","href":"https:\/\/api.w.org\/{rel}","templated":true}]}}