{"id":529,"date":"2019-06-24T08:40:25","date_gmt":"2019-06-24T12:40:25","guid":{"rendered":"http:\/\/jerzyszymik.pl\/index.php\/home-2\/"},"modified":"2025-05-08T16:13:24","modified_gmt":"2025-05-08T16:13:24","slug":"ewangeliazkomentarzemradioem","status":"publish","type":"page","link":"https:\/\/jerzyszymik.pl\/index.php\/ewangeliazkomentarzemradioem\/","title":{"rendered":"Ewangelia z komentarzem Radio eM"},"content":{"rendered":"<div class=\"wpb-content-wrapper\"><p>[vc_row full_height=&#8221;yes&#8221; columns_placement=&#8221;bottom&#8221; equal_height=&#8221;yes&#8221; content_placement=&#8221;middle&#8221; bg_type=&#8221;image&#8221; parallax_style=&#8221;vcpb-default&#8221; bg_image_new=&#8221;id^1446|url^http:\/\/jerzyszymik.pl\/wp-content\/uploads\/2025\/05\/IMG_4088-scaled.jpg|caption^null|alt^null|title^IMG_4088|description^null&#8221; bg_image_repeat=&#8221;no-repeat&#8221; bg_img_attach=&#8221;fixed&#8221; bg_override=&#8221;ex-full&#8221; enable_overlay=&#8221;enable_overlay_value&#8221; overlay_color=&#8221;rgba(0,0,0,0.3)&#8221; overlay_pattern=&#8221;01.png&#8221; overlay_pattern_opacity=&#8221;10&#8243; css=&#8221;.vc_custom_1746717603584{padding-top: 25% !important;background-position: center !important;background-repeat: no-repeat !important;background-size: cover !important;}&#8221;][vc_column offset=&#8221;vc_col-lg-offset-1 vc_col-lg-10 vc_col-md-offset-1 vc_col-md-10 vc_col-sm-offset-1 vc_col-xs-12&#8243; css=&#8221;.vc_custom_1562782058213{padding-bottom: 30px !important;}&#8221;]<div id=\"ultimate-heading-194269de31df65504\" class=\"uvc-heading ult-adjust-bottom-margin ultimate-heading-194269de31df65504 uvc-3408 \" data-hspacer=\"icon_only\"  data-halign=\"center\" style=\"text-align:center\"><div class=\"uvc-main-heading ult-responsive\"  data-ultimate-target='.uvc-heading.ultimate-heading-194269de31df65504 h3'  data-responsive-json-new='{\"font-size\":\"desktop:46px;tablet:40px;tablet_portrait:36px;mobile_landscape:32px;mobile:28px;\",\"line-height\":\"desktop:56px;tablet:50px;tablet_portrait:46px;mobile_landscape:42px;mobile:38px;\"}' ><h3 style=\"--font-weight:theme;color:#ffffff;margin-bottom:10px;\">Ewangelia z komentarzem<\/h3><\/div><div class=\"uvc-sub-heading ult-responsive\"  data-ultimate-target='.uvc-heading.ultimate-heading-194269de31df65504 .uvc-sub-heading '  data-responsive-json-new='{\"font-size\":\"desktop:80px;tablet:70px;tablet_portrait:62px;mobile_landscape:54px;mobile:46px;\",\"line-height\":\"desktop:90px;tablet:80px;tablet_portrait:72px;mobile_landscape:64px;mobile:56px;\"}'  style=\"font-family:&#039;Noticia Text&#039;;font-weight:normal;color:#ffffff;margin-bottom:10px;\">Radio eM<\/div><div class=\"uvc-heading-spacer icon_only\" style=\"top\"><div class=\"ult-just-icon-wrapper  \"><div class=\"align-icon\" style=\"text-align:center;\">\n<div class=\"aio-icon none \"  style=\"color:#c19434;font-size:64px;display:inline-block;\">\n\t<i class=\"Defaults-angle-double-down\"><\/i>\n<\/div><\/div><\/div><\/div><\/div>[\/vc_column][\/vc_row][vc_row equal_height=&#8221;yes&#8221; content_placement=&#8221;middle&#8221; bg_type=&#8221;bg_color&#8221; bg_override=&#8221;full&#8221; css=&#8221;.vc_custom_1746718353601{padding-top: 70px !important;padding-bottom: 70px !important;}&#8221; bg_color_value=&#8221;#00000000&#8243;][vc_column][vc_column_text css=&#8221;&#8221;]<\/p>\n<h3>Przygotowanie na przyj\u015bcie Chrystusa jest \u0107wiczeniem\u00a0si\u0119 w\u00a0powrocie do postawy prostaczka<\/h3>\n<p><strong>\u0141k 10,21-24\u00a0<\/strong><\/p>\n<p><em>Jezus rozradowa\u0142 si\u0119 w duchu \u015awi\u0119tym i rzek\u0142: \u00abWys\u0142awiam Ci\u0119, Ojcze, Panie nieba i ziemi, \u017ce zakry\u0142e\u015b te rzeczy przed m\u0105drymi i roztropnymi, a objawi\u0142e\u015b je prostaczkom. Tak, Ojcze, gdy\u017c takie by\u0142o Twoje upodobanie.<\/em><\/p>\n<p><em>Ojciec m\u00f3j przekaza\u0142 Mi wszystko. Nikt te\u017c nie wie, kim jest Syn, tylko Ojciec; ani kim jest Ojciec, tylko Syn i ten, komu Syn zechce objawi\u0107\u00bb.<\/em><\/p>\n<p><em>Potem zwr\u00f3ci\u0142 si\u0119 do samych uczni\u00f3w i rzek\u0142: \u00abSzcz\u0119\u015bliwe oczy, kt\u00f3re widz\u0105 to, co wy widzicie. Bo powiadam wam: Wielu prorok\u00f3w i kr\u00f3l\u00f3w pragn\u0119\u0142o ujrze\u0107 to, co wy widzicie, a nie ujrzeli, i us\u0142ysze\u0107, co s\u0142yszycie, a nie us\u0142yszeli\u00bb.<\/em><\/p>\n<p>05.12.2023[\/vc_column_text][vc_btn title=&#8221;Kliknij tutaj aby wys\u0142ucha\u0107 komentarza&#8221; style=&#8221;classic&#8221; color=&#8221;success&#8221; align=&#8221;center&#8221; css=&#8221;&#8221; link=&#8221;url:https%3A%2F%2Fwww.youtube.com%2Fwatch%3Fv%3DnuyhQ8vHg5g%26t%3D2s|target:_blank&#8221;][vc_separator color=&#8221;black&#8221; css=&#8221;&#8221;][vc_column_text css=&#8221;&#8221;]<\/p>\n<h3>Przez nasz\u0105 wytrwa\u0142o\u015b\u0107 ocalasz nasze \u017cycie<\/h3>\n<p><strong>\u0141k 21,12-19<\/strong><\/p>\n<p><em>Jezus powiedzia\u0142 do swoich uczni\u00f3w:<br \/>\n\u00abPodnios\u0105 na was r\u0119ce i b\u0119d\u0105 was prze\u015bladowa\u0107. Wydadz\u0105 was do synagog i do wi\u0119zie\u0144 oraz z powodu mojego imienia wlec was b\u0119d\u0105 przed kr\u00f3l\u00f3w i namiestnik\u00f3w. B\u0119dzie to dla was sposobno\u015b\u0107 do sk\u0142adania \u015bwiadectwa.<\/em><\/p>\n<p><em>Postan\u00f3wcie sobie w sercu nie obmy\u015bla\u0107 naprz\u00f3d swej obrony. Ja bowiem dam wam wymow\u0119 i m\u0105dro\u015b\u0107, kt\u00f3rej \u017caden z waszych prze\u015bladowc\u00f3w nie b\u0119dzie m\u00f3g\u0142 si\u0119 oprze\u0107 ani sprzeciwi\u0107.<\/em><\/p>\n<p><em>A wydawa\u0107 was b\u0119d\u0105 nawet rodzice i bracia, krewni i przyjaciele i niekt\u00f3rych z was o \u015bmier\u0107 przyprawi\u0105. I z powodu mojego imienia b\u0119dziecie w nienawi\u015bci u wszystkich. Ale w\u0142os z g\u0142owy wam nie spadnie. Przez swoj\u0105 wytrwa\u0142o\u015b\u0107 ocalicie wasze \u017cycie\u00bb.<\/em><\/p>\n<p>29.11.2023[\/vc_column_text][vc_btn title=&#8221;Kliknij tutaj aby wys\u0142ucha\u0107 komentarza&#8221; style=&#8221;classic&#8221; color=&#8221;success&#8221; align=&#8221;center&#8221; css=&#8221;&#8221; link=&#8221;url:https%3A%2F%2Fwww.youtube.com%2Fwatch%3Fv%3D4UWgAEe3p0E|target:_blank&#8221;][vc_separator color=&#8221;black&#8221; css=&#8221;&#8221;][vc_column_text css=&#8221;&#8221;]<\/p>\n<h3>Karm mnie, prosz\u0119<\/h3>\n<p><strong>\u0141k 14,25-33\u00a0<\/strong><\/p>\n<p><em>Wielkie t\u0142umy sz\u0142y z Jezusem. On odwr\u00f3ci\u0142 si\u0119 i rzek\u0142 do nich: \u00abJe\u015bli kto\u015b przychodzi do Mnie, a nie ma w nienawi\u015bci swego ojca i matki, \u017cony i dzieci, braci i si\u00f3str, nadto i siebie samego, nie mo\u017ce by\u0107 moim uczniem. Kto nie d\u017awiga swego krzy\u017ca, a idzie za Mn\u0105, ten nie mo\u017ce by\u0107 moim uczniem.<\/em><\/p>\n<p><em>Bo kt\u00f3\u017c z was, chc\u0105c zbudowa\u0107 wie\u017c\u0119, nie usi\u0105dzie wpierw i nie oblicza wydatk\u00f3w, czy ma na wyko\u0144czenie? Inaczej, gdyby po\u0142o\u017cy\u0142 fundament, a nie zdo\u0142a\u0142by wyko\u0144czy\u0107, wszyscy, patrz\u0105c na to, zacz\u0119liby drwi\u0107 z niego: \u201eTen cz\u0142owiek zacz\u0105\u0142 budowa\u0107, a nie zdo\u0142a\u0142 wyko\u0144czy\u0107\u201d.<\/em><\/p>\n<p><em>Albo jaki kr\u00f3l, maj\u0105c wyruszy\u0107, aby stoczy\u0107 bitw\u0119 z drugim kr\u00f3lem, nie usi\u0105dzie wpierw i nie rozwa\u017cy, czy w dziesi\u0119\u0107 tysi\u0119cy ludzi mo\u017ce stawi\u0107 czo\u0142o temu, kt\u00f3ry z dwudziestu tysi\u0105cami nadci\u0105ga przeciw niemu? Je\u015bli nie, wyprawia poselstwo, gdy tamten jest jeszcze daleko, i prosi o warunki pokoju.<\/em><\/p>\n<p><em>Tak wi\u0119c nikt z was, je\u015bli nie wyrzeka si\u0119 wszystkiego, co posiada, nie mo\u017ce by\u0107 moim uczniem\u00bb.<\/em><\/p>\n<p>08.11.2023[\/vc_column_text][vc_btn title=&#8221;Kliknij tutaj aby wys\u0142ucha\u0107 komentarza&#8221; style=&#8221;classic&#8221; color=&#8221;success&#8221; align=&#8221;center&#8221; css=&#8221;&#8221; link=&#8221;url:https%3A%2F%2Fyoutu.be%2Fw66RGm6V2hU|target:_blank&#8221;][vc_separator color=&#8221;black&#8221; css=&#8221;&#8221;][vc_column_text css=&#8221;&#8221;]<\/p>\n<h3>Tak przy nas czuwaj: wr\u00f3\u0107 nas Bogu ca\u0142ych<\/h3>\n<p><strong>Mt 5,1-12a\u00a0<\/strong><\/p>\n<p><em>Jezus, widz\u0105c t\u0142umy, wyszed\u0142 na g\u00f3r\u0119. A gdy usiad\u0142, przyst\u0105pili do Niego Jego uczniowie. Wtedy otworzy\u0142 swoje usta i naucza\u0142 ich tymi s\u0142owami:<br \/>\n\u201eB\u0142ogos\u0142awieni ubodzy w duchu, albowiem do nich nale\u017cy kr\u00f3lestwo niebieskie.<br \/>\nB\u0142ogos\u0142awieni, kt\u00f3rzy si\u0119 smuc\u0105, albowiem oni b\u0119d\u0105 pocieszeni.<br \/>\nB\u0142ogos\u0142awieni cisi, albowiem oni na w\u0142asno\u015b\u0107 posi\u0105d\u0105 ziemi\u0119.<br \/>\nB\u0142ogos\u0142awieni, kt\u00f3rzy \u0142akn\u0105 i pragn\u0105 sprawiedliwo\u015bci, albowiem oni b\u0119d\u0105 nasyceni.<br \/>\nB\u0142ogos\u0142awieni mi\u0142osierni, albowiem oni mi\u0142osierdzia dost\u0105pi\u0105.<br \/>\nB\u0142ogos\u0142awieni czystego serca, albowiem oni Boga ogl\u0105da\u0107 b\u0119d\u0105.<br \/>\nB\u0142ogos\u0142awieni, kt\u00f3rzy wprowadzaj\u0105 pok\u00f3j, albowiem oni b\u0119d\u0105 nazwani synami Bo\u017cymi.<br \/>\nB\u0142ogos\u0142awieni, kt\u00f3rzy cierpi\u0105 prze\u015bladowanie dla sprawiedliwo\u015bci, albowiem do nich nale\u017cy kr\u00f3lestwo niebieskie.<br \/>\nB\u0142ogos\u0142awieni jeste\u015bcie, gdy ludzie wam ur\u0105gaj\u0105 i prze\u015bladuj\u0105 was, i gdy m\u00f3wi\u0105 k\u0142amliwie wszystko z\u0142e na was z mego powodu. Cieszcie si\u0119 i radujcie, albowiem wielka jest wasza nagroda w niebie\u201d.<\/em><\/p>\n<p>01.11.2023[\/vc_column_text][vc_btn title=&#8221;Kliknij tutaj aby wys\u0142ucha\u0107 komentarza&#8221; style=&#8221;classic&#8221; color=&#8221;success&#8221; align=&#8221;center&#8221; css=&#8221;&#8221; link=&#8221;url:https%3A%2F%2Fyoutu.be%2FU87jV7MJG7Y|target:_blank&#8221;][vc_separator color=&#8221;black&#8221; css=&#8221;&#8221;][vc_column_text css=&#8221;&#8221;]<\/p>\n<h3>Wiele mi da\u0142e\u015b, wiele wymagasz<\/h3>\n<p><strong>\u0141k 12,39-48<\/strong><\/p>\n<p><em>Jezus powiedzia\u0142 do swoich uczni\u00f3w:<br \/>\n\u00abTo rozumiejcie, \u017ce gdyby gospodarz wiedzia\u0142, o kt\u00f3rej godzinie przyj\u015b\u0107 ma z\u0142odziej, nie pozwoli\u0142by w\u0142ama\u0107 si\u0119 do swego domu. Wy te\u017c b\u0105d\u017acie gotowi, gdy\u017c o godzinie, kt\u00f3rej si\u0119 nie domy\u015blacie, Syn Cz\u0142owieczy przyjdzie\u00bb.<\/em><\/p>\n<p><em>Wtedy Piotr zapyta\u0142: \u00abPanie, czy do nas m\u00f3wisz t\u0119 przypowie\u015b\u0107, czy te\u017c do wszystkich?\u00bb<\/em><\/p>\n<p><em>Pan odpowiedzia\u0142: \u00abKt\u00f3\u017c jest owym rz\u0105dc\u0105 wiernym i roztropnym, kt\u00f3rego pan ustanowi nad swoj\u0105 s\u0142u\u017cb\u0105, \u017ceby rozdawa\u0142 jej \u017cywno\u015b\u0107 we w\u0142a\u015bciwej porze? Szcz\u0119\u015bliwy ten s\u0142uga, kt\u00f3rego pan, powr\u00f3ciwszy, zastanie przy tej czynno\u015bci. Prawdziwie powiadam wam: Postawi go nad ca\u0142ym swoim mieniem. Lecz je\u015bli s\u0142uga \u00f3w powie sobie w sercu: M\u00f3j pan si\u0119 oci\u0105ga z powrotem, i zacznie bi\u0107 s\u0142ugi i s\u0142u\u017c\u0105ce, a przy tym je\u015b\u0107, pi\u0107 i upija\u0107 si\u0119, to nadejdzie pan tego s\u0142ugi w dniu, kiedy si\u0119 nie spodziewa, i o godzinie, kt\u00f3rej nie zna; surowo go ukarze i wyznaczy mu miejsce z niewiernymi.<\/em><\/p>\n<p><em>\u00d3w s\u0142uga, kt\u00f3ry pozna\u0142 wol\u0119 swego pana, a nic nie przygotowa\u0142 i nie uczyni\u0142 zgodnie z jego wol\u0105, otrzyma wielk\u0105 ch\u0142ost\u0119. Ten za\u015b, kt\u00f3ry nie pozna\u0142 jego woli, a uczyni\u0142 co\u015b godnego kary, otrzyma ma\u0142\u0105 ch\u0142ost\u0119. Komu wiele dano, od tego wiele wymaga\u0107 si\u0119 b\u0119dzie; a komu wiele powierzono, tym wi\u0119cej od niego \u017c\u0105da\u0107 b\u0119d\u0105\u00bb.<\/em><\/p>\n<p>25.10.2023[\/vc_column_text][vc_btn title=&#8221;Kliknij tutaj aby wys\u0142ucha\u0107 komentarza&#8221; style=&#8221;classic&#8221; color=&#8221;success&#8221; align=&#8221;center&#8221; css=&#8221;&#8221; link=&#8221;url:https%3A%2F%2Fyoutu.be%2FebF4IwMvH-s|target:_blank&#8221;][vc_separator color=&#8221;black&#8221; css=&#8221;&#8221;][vc_column_text css=&#8221;&#8221;]<\/p>\n<h3>Na naszych oczach, Panie, spe\u0142nia\u00a0si\u0119 ka\u017cde Twoje s\u0142owo<\/h3>\n<p><strong>\u0141k 10,1-9<\/strong><\/p>\n<p><em>\u00a0Jezus wyznaczy\u0142 jeszcze innych, siedemdziesi\u0119ciu dw\u00f3ch, i wys\u0142a\u0142 ich po dw\u00f3ch przed sob\u0105 do ka\u017cdego miasta i miejscowo\u015bci, dok\u0105d sam przyj\u015b\u0107 zamierza\u0142.<\/em><\/p>\n<p><em>Powiedzia\u0142 te\u017c do nich: \u201e\u017bniwo wprawdzie wielkie, ale robotnik\u00f3w ma\u0142o; pro\u015bcie wi\u0119c Pana \u017cniwa, \u017ceby wyprawi\u0142 robotnik\u00f3w na swoje \u017cniwo.<\/em><\/p>\n<p><em>Id\u017acie, oto was posy\u0142am jak owce mi\u0119dzy wilki. Nie no\u015bcie z sob\u0105 trzosa ani torby, ani sanda\u0142\u00f3w; i nikogo w drodze nie pozdrawiajcie.<\/em><\/p>\n<p><em>Gdy do jakiego domu wejdziecie, najpierw m\u00f3wcie: \u00abPok\u00f3j temu domowi!\u00bb Je\u015bli tam mieszka cz\u0142owiek godny pokoju, wasz pok\u00f3j spocznie na nim; je\u015bli nie, powr\u00f3ci do was. W tym samym domu zosta\u0144cie, jedz\u0105c i pij\u0105c, co maj\u0105: bo zas\u0142uguje robotnik na swoj\u0105 zap\u0142at\u0119. Nie przechod\u017acie z domu do domu. Je\u015bli do jakiego miasta wejdziecie i przyjm\u0105 was, jedzcie, co wam podadz\u0105; uzdrawiajcie chorych, kt\u00f3rzy tam s\u0105, i m\u00f3wcie im: \u00abPrzybli\u017cy\u0142o si\u0119 do was kr\u00f3lestwo Bo\u017ce\u00bb\u201d.<\/em><\/p>\n<p>18.10.2023[\/vc_column_text][vc_btn title=&#8221;Kliknij tutaj aby wys\u0142ucha\u0107 komentarza&#8221; style=&#8221;classic&#8221; color=&#8221;success&#8221; align=&#8221;center&#8221; css=&#8221;&#8221; link=&#8221;url:https%3A%2F%2Fyoutu.be%2F2Qo5bJgprns|target:_blank&#8221;][vc_separator color=&#8221;black&#8221; css=&#8221;&#8221;][vc_column_text css=&#8221;&#8221;]<\/p>\n<h3>Ta modlitwa jest nie do zast\u0105pienia \u017cadn\u0105 inn\u0105<\/h3>\n<p><strong>\u0141k 11,1-4<\/strong><\/p>\n<p>11.10.2023[\/vc_column_text][vc_btn title=&#8221;Kliknij tutaj aby wys\u0142ucha\u0107 komentarza&#8221; style=&#8221;classic&#8221; color=&#8221;success&#8221; align=&#8221;center&#8221; css=&#8221;&#8221; link=&#8221;url:https%3A%2F%2Fwww.youtube.com%2Fwatch%3Fv%3DmhoZUH4iDLo|target:_blank&#8221;][vc_separator color=&#8221;black&#8221; css=&#8221;&#8221;][vc_column_text css=&#8221;&#8221;]<\/p>\n<h3>Co takiego jest w wielkich miastach, \u017ce stawiaj\u0105 op\u00f3r Ewangelii?<\/h3>\n<p><strong>\u0141k 9,1-6<\/strong><\/p>\n<p>27.09.2023[\/vc_column_text][vc_btn title=&#8221;Kliknij tutaj aby wys\u0142ucha\u0107 komentarza&#8221; style=&#8221;classic&#8221; color=&#8221;success&#8221; align=&#8221;center&#8221; css=&#8221;&#8221; link=&#8221;url:https%3A%2F%2Fwww.youtube.com%2Fwatch%3Fv%3DMQYNqgwi6d0|target:_blank&#8221;][vc_separator color=&#8221;black&#8221; css=&#8221;&#8221;][vc_column_text css=&#8221;&#8221;]<\/p>\n<h3>Czym by\u0142aby dziecinada w \u015bwietle tej Ewangelii?<\/h3>\n<p><strong>\u0141k 7, 31-35<\/strong><\/p>\n<p><em>Jezus powiedzia\u0142 do t\u0142um\u00f3w:<br \/>\n\u00abZ kim mam por\u00f3wna\u0107 ludzi tego pokolenia? Do kogo s\u0105 podobni? Podobni s\u0105 do dzieci przesiaduj\u0105cych na rynku, kt\u00f3re g\u0142o\u015bno przymawiaj\u0105 jedne drugim: \u201ePrzygrywali\u015bmy wam, a nie ta\u0144czyli\u015bcie; biadali\u015bmy, a wy nie p\u0142akali\u015bcie\u201d.<\/em><\/p>\n<p><em>Przyszed\u0142 bowiem Jan Chrzciciel: nie jad\u0142 chleba i nie pi\u0142 wina; a wy m\u00f3wicie: \u201eZ\u0142y duch go op\u0119ta\u0142\u201d. Przyszed\u0142 Syn Cz\u0142owieczy: je i pije; a wy m\u00f3wicie: \u201eOto \u017car\u0142ok i pijak, przyjaciel celnik\u00f3w i grzesznik\u00f3w\u201d. A jednak wszystkie dzieci m\u0105dro\u015bci przyzna\u0142y jej s\u0142uszno\u015b\u0107\u00bb.<\/em><\/p>\n<p>20.09.2023[\/vc_column_text][vc_btn title=&#8221;Kliknij tutaj aby wys\u0142ucha\u0107 komentarza&#8221; style=&#8221;classic&#8221; color=&#8221;success&#8221; align=&#8221;center&#8221; css=&#8221;&#8221; link=&#8221;url:https%3A%2F%2Fwww.youtube.com%2Fwatch%3Fv%3DqWaDMK-lDek|target:_blank&#8221;][vc_separator color=&#8221;black&#8221; css=&#8221;&#8221;][vc_column_text css=&#8221;&#8221;]<\/p>\n<h3>Ub\u00f3stwo, p\u0142acz i l\u017cenie ludzi nie b\u0119d\u0105 wieczne<\/h3>\n<p><strong>\u0141k 6, 20-26<\/strong><\/p>\n<p><em>Jezus podni\u00f3s\u0142 oczy na swoich uczni\u00f3w i m\u00f3wi\u0142:<\/em><\/p>\n<p><em>\u00abB\u0142ogos\u0142awieni jeste\u015bcie, ubodzy, albowiem do was nale\u017cy kr\u00f3lestwo Bo\u017ce.<br \/>\nB\u0142ogos\u0142awieni, kt\u00f3rzy teraz g\u0142odujecie, albowiem b\u0119dziecie nasyceni.<br \/>\nB\u0142ogos\u0142awieni, kt\u00f3rzy teraz p\u0142aczecie, albowiem \u015bmia\u0107 si\u0119 b\u0119dziecie.<br \/>\nB\u0142ogos\u0142awieni jeste\u015bcie, gdy ludzie was znienawidz\u0105 i gdy was wy\u0142\u0105cz\u0105 spo\u015br\u00f3d siebie, gdy zel\u017c\u0105 was i z powodu Syna Cz\u0142owieczego odrzuc\u0105 z pogard\u0105 wasze imi\u0119 jako niecne: cieszcie si\u0119 i radujcie w owym dniu, bo wielka jest wasza nagroda w niebie. Tak samo bowiem przodkowie ich czynili prorokom.<\/em><\/p>\n<p><em>Natomiast biada wam, bogaczom, bo odebrali\u015bcie ju\u017c pociech\u0119 wasz\u0105.<br \/>\nBiada wam, kt\u00f3rzy teraz jeste\u015bcie syci, albowiem g\u0142\u00f3d cierpie\u0107 b\u0119dziecie.<br \/>\nBiada wam, kt\u00f3rzy si\u0119 teraz \u015bmiejecie, albowiem smuci\u0107 si\u0119 i p\u0142aka\u0107 b\u0119dziecie.<br \/>\nBiada wam, gdy wszyscy ludzie chwali\u0107 was b\u0119d\u0105. Tak samo bowiem przodkowie ich czynili fa\u0142szywym prorokom\u00bb.<\/em><\/p>\n<p>13.09.2023[\/vc_column_text][vc_btn title=&#8221;Kliknij tutaj aby wys\u0142ucha\u0107 komentarza&#8221; style=&#8221;classic&#8221; color=&#8221;success&#8221; align=&#8221;center&#8221; css=&#8221;&#8221; link=&#8221;url:https%3A%2F%2Fwww.youtube.com%2Fwatch%3Fv%3Dd1EjB0rtYCA|target:_blank&#8221;][vc_separator color=&#8221;black&#8221; css=&#8221;&#8221;][vc_column_text css=&#8221;&#8221;]<\/p>\n<h3>Uzdr\u00f3w mnie z chor\u00f3b, kt\u00f3re wiod\u0105 do \u015bmierci<\/h3>\n<p><strong>\u0141k 4, 38-44<\/strong><\/p>\n<p>06.09.2023[\/vc_column_text][vc_btn title=&#8221;Kliknij tutaj aby wys\u0142ucha\u0107 komentarza&#8221; style=&#8221;classic&#8221; color=&#8221;success&#8221; align=&#8221;center&#8221; css=&#8221;&#8221; link=&#8221;url:https%3A%2F%2Fwww.youtube.com%2Fwatch%3Fv%3DBn3Px-wqzsY|target:_blank&#8221;][vc_separator color=&#8221;black&#8221; css=&#8221;&#8221;][vc_column_text css=&#8221;&#8221;]<\/p>\n<h3>Sk\u0105d my to znamy?<\/h3>\n<p><strong>Mt 23, 27-32<\/strong><\/p>\n<p>Jezus przem\u00f3wi\u0142 tymi s\u0142owami:<br \/>\n\u00abBiada wam, uczeni w Pi\u015bmie i faryzeusze ob\u0142udnicy, bo podobni jeste\u015bcie do grob\u00f3w pobielanych, kt\u00f3re z zewn\u0105trz wygl\u0105daj\u0105 pi\u0119knie, lecz wewn\u0105trz pe\u0142ne s\u0105 ko\u015bci trupich i wszelkiego plugastwa. Tak i wy z zewn\u0105trz wydajecie si\u0119 ludziom sprawiedliwi, lecz wewn\u0105trz pe\u0142ni jeste\u015bcie ob\u0142udy i nieprawo\u015bci.<\/p>\n<p>Biada wam, uczeni w Pi\u015bmie i faryzeusze ob\u0142udnicy, bo budujecie groby prorokom i zdobicie grobowce sprawiedliwych oraz m\u00f3wicie: \u201eGdyby\u015bmy \u017cyli za czas\u00f3w naszych przodk\u00f3w, nie byliby\u015bmy ich wsp\u00f3lnikami w zab\u00f3jstwie prorok\u00f3w\u201d. Przez to sami przyznajecie, \u017ce jeste\u015bcie potomkami tych, kt\u00f3rzy mordowali prorok\u00f3w. Dope\u0142nijcie i wy miary waszych przodk\u00f3w!\u00bb<\/p>\n<p>30.08.2023[\/vc_column_text][vc_btn title=&#8221;Kliknij tutaj aby wys\u0142ucha\u0107 komentarza&#8221; style=&#8221;classic&#8221; color=&#8221;success&#8221; align=&#8221;center&#8221; css=&#8221;&#8221; link=&#8221;url:https%3A%2F%2Fyoutu.be%2FPT7ZFqs9rqE|target:_blank&#8221;][vc_separator color=&#8221;black&#8221; css=&#8221;&#8221;][vc_column_text css=&#8221;&#8221;]<\/p>\n<h3>Nie rozmin\u0105\u0107 si\u0119 z Bogiem<\/h3>\n<p>Mt 25, 1-13<\/p>\n<p>09.08.2023[\/vc_column_text][vc_btn title=&#8221;Kliknij tutaj aby wys\u0142ucha\u0107 komentarza&#8221; style=&#8221;classic&#8221; color=&#8221;success&#8221; align=&#8221;center&#8221; css=&#8221;&#8221; link=&#8221;url:https%3A%2F%2Fwww.youtube.com%2Fwatch%3Fv%3DuJgC-_q4OGI|target:_blank&#8221;][vc_separator color=&#8221;black&#8221; css=&#8221;&#8221;][vc_column_text css=&#8221;&#8221;]<\/p>\n<h3>Kr\u00f3lestwo jest warte wszystkiego<\/h3>\n<p>Mt 13, 44-46<\/p>\n<p>02.08.2023[\/vc_column_text][vc_btn title=&#8221;Kliknij tutaj aby wys\u0142ucha\u0107 komentarza&#8221; style=&#8221;classic&#8221; color=&#8221;success&#8221; align=&#8221;center&#8221; css=&#8221;&#8221; link=&#8221;url:https%3A%2F%2Fwww.youtube.com%2Fwatch%3Fv%3DPRiEDcL4YZw|target:_blank&#8221;][vc_separator color=&#8221;black&#8221; css=&#8221;&#8221;][vc_column_text css=&#8221;&#8221;]<\/p>\n<h3>Jakie przeszkody sprawiaj\u0105, \u017ce sakramenty i s\u0142owo Bo\u017ce nie wydaj\u0105 plonu?<\/h3>\n<p>Mt 13, 1-9<\/p>\n<p>26.07.2023[\/vc_column_text][vc_btn title=&#8221;Kliknij tutaj aby wys\u0142ucha\u0107 komentarza&#8221; style=&#8221;classic&#8221; color=&#8221;success&#8221; align=&#8221;center&#8221; css=&#8221;&#8221; link=&#8221;url:https%3A%2F%2Fwww.youtube.com%2Fwatch%3Fv%3DgcsZ-oQmDzohttps%3A%2F%2Fwww.youtube.com%2Fwatch%3Fv%3DgcsZ-oQmDzo|target:_blank&#8221;][vc_separator color=&#8221;black&#8221; css=&#8221;&#8221;][\/vc_column][\/vc_row]<\/p>\n<\/div>","protected":false},"excerpt":{"rendered":"<p>[vc_row full_height=&#8221;yes&#8221; columns_placement=&#8221;bottom&#8221; equal_height=&#8221;yes&#8221; content_placement=&#8221;middle&#8221; bg_type=&#8221;image&#8221; parallax_style=&#8221;vcpb-default&#8221; bg_image_new=&#8221;id^1446|url^http:\/\/jerzyszymik.pl\/wp-content\/uploads\/2025\/05\/IMG_4088-scaled.jpg|caption^null|alt^null|title^IMG_4088|description^null&#8221; bg_image_repeat=&#8221;no-repeat&#8221; bg_img_attach=&#8221;fixed&#8221; bg_override=&#8221;ex-full&#8221; enable_overlay=&#8221;enable_overlay_value&#8221; overlay_color=&#8221;rgba(0,0,0,0.3)&#8221; overlay_pattern=&#8221;01.png&#8221; overlay_pattern_opacity=&#8221;10&#8243; css=&#8221;.vc_custom_1746717603584{padding-top: 25% !important;background-position: center !important;background-repeat: no-repeat !important;background-size: cover !important;}&#8221;][vc_column offset=&#8221;vc_col-lg-offset-1 vc_col-lg-10 vc_col-md-offset-1 vc_col-md-10 vc_col-sm-offset-1 vc_col-xs-12&#8243; css=&#8221;.vc_custom_1562782058213{padding-bottom: 30px !important;}&#8221;][\/vc_column][\/vc_row][vc_row equal_height=&#8221;yes&#8221; content_placement=&#8221;middle&#8221; bg_type=&#8221;bg_color&#8221; bg_override=&#8221;full&#8221; css=&#8221;.vc_custom_1746718353601{padding-top: 70px !important;padding-bottom: 70px !important;}&#8221; bg_color_value=&#8221;#00000000&#8243;][vc_column][vc_column_text css=&#8221;&#8221;] Przygotowanie na przyj\u015bcie Chrystusa jest \u0107wiczeniem\u00a0si\u0119 w\u00a0powrocie do postawy prostaczka \u0141k&hellip;<\/p>\n","protected":false},"author":1,"featured_media":0,"parent":0,"menu_order":0,"comment_status":"closed","ping_status":"closed","template":"","meta":{"give_campaign_id":0,"footnotes":""},"class_list":["post-529","page","type-page","status-publish","hentry","description-off"],"campaignId":"","_links":{"self":[{"href":"https:\/\/jerzyszymik.pl\/index.php\/wp-json\/wp\/v2\/pages\/529","targetHints":{"allow":["GET"]}}],"collection":[{"href":"https:\/\/jerzyszymik.pl\/index.php\/wp-json\/wp\/v2\/pages"}],"about":[{"href":"https:\/\/jerzyszymik.pl\/index.php\/wp-json\/wp\/v2\/types\/page"}],"author":[{"embeddable":true,"href":"https:\/\/jerzyszymik.pl\/index.php\/wp-json\/wp\/v2\/users\/1"}],"replies":[{"embeddable":true,"href":"https:\/\/jerzyszymik.pl\/index.php\/wp-json\/wp\/v2\/comments?post=529"}],"version-history":[{"count":6,"href":"https:\/\/jerzyszymik.pl\/index.php\/wp-json\/wp\/v2\/pages\/529\/revisions"}],"predecessor-version":[{"id":1494,"href":"https:\/\/jerzyszymik.pl\/index.php\/wp-json\/wp\/v2\/pages\/529\/revisions\/1494"}],"wp:attachment":[{"href":"https:\/\/jerzyszymik.pl\/index.php\/wp-json\/wp\/v2\/media?parent=529"}],"curies":[{"name":"wp","href":"https:\/\/api.w.org\/{rel}","templated":true}]}}