{"id":252,"date":"2019-06-07T04:07:36","date_gmt":"2019-06-07T08:07:36","guid":{"rendered":"http:\/\/jerzyszymik.pl\/index.php\/plan-a-visit\/"},"modified":"2025-06-24T11:04:23","modified_gmt":"2025-06-24T11:04:23","slug":"sklep","status":"publish","type":"page","link":"https:\/\/jerzyszymik.pl\/index.php\/sklep\/","title":{"rendered":"Sklep"},"content":{"rendered":"<div class=\"wpb-content-wrapper\"><p>[vc_row bg_type=&#8221;image&#8221; parallax_style=&#8221;vcpb-default&#8221; bg_image_new=&#8221;id^260|url^http:\/\/jerzyszymik.pl\/wp-content\/uploads\/2019\/06\/hannah-busing-423069-unsplash-min-e1563358342434.jpg|caption^null|alt^null|title^hannah-busing-423069-unsplash-min|description^null&#8221; bg_image_repeat=&#8221;no-repeat&#8221; bg_override=&#8221;full&#8221; enable_overlay=&#8221;enable_overlay_value&#8221; overlay_color=&#8221;rgba(52,66,30,0.5)&#8221; css=&#8221;.vc_custom_1561965534602{padding-top: 150px !important;padding-bottom: 150px !important;}&#8221;][vc_column]<div id=\"ultimate-heading-168069de31e2cb2c4\" class=\"uvc-heading ult-adjust-bottom-margin ultimate-heading-168069de31e2cb2c4 uvc-9281 \" data-hspacer=\"no_spacer\"  data-halign=\"center\" style=\"text-align:center\"><div class=\"uvc-heading-spacer no_spacer\" style=\"top\"><\/div><div class=\"uvc-main-heading ult-responsive\"  data-ultimate-target='.uvc-heading.ultimate-heading-168069de31e2cb2c4 h1'  data-responsive-json-new='{\"font-size\":\"desktop:70px;\",\"line-height\":\"desktop:80px;\"}' ><h1 style=\"--font-weight:theme;color:#ffffff;\">Gdzie kupi\u0107?<\/h1><\/div><\/div>[vc_separator][\/vc_column][\/vc_row][vc_row][vc_column][vc_column_text css=&#8221;&#8221;]<\/p>\n<h3 style=\"text-align: center;\"><strong>Ju\u017c prawie gotowe!<\/strong>\u00a0\u2013 Daj nam chwil\u0119 na dopracowanie szczeg\u00f3\u0142\u00f3w.<\/h3>\n<p>[\/vc_column_text][\/vc_column][\/vc_row]<\/p>\n<\/div>","protected":false},"excerpt":{"rendered":"<p>[vc_row bg_type=&#8221;image&#8221; parallax_style=&#8221;vcpb-default&#8221; bg_image_new=&#8221;id^260|url^http:\/\/jerzyszymik.pl\/wp-content\/uploads\/2019\/06\/hannah-busing-423069-unsplash-min-e1563358342434.jpg|caption^null|alt^null|title^hannah-busing-423069-unsplash-min|description^null&#8221; bg_image_repeat=&#8221;no-repeat&#8221; bg_override=&#8221;full&#8221; enable_overlay=&#8221;enable_overlay_value&#8221; overlay_color=&#8221;rgba(52,66,30,0.5)&#8221; css=&#8221;.vc_custom_1561965534602{padding-top: 150px !important;padding-bottom: 150px !important;}&#8221;][vc_column][vc_separator][\/vc_column][\/vc_row][vc_row][vc_column][vc_column_text css=&#8221;&#8221;] Ju\u017c prawie gotowe!\u00a0\u2013 Daj nam chwil\u0119 na dopracowanie szczeg\u00f3\u0142\u00f3w. [\/vc_column_text][\/vc_column][\/vc_row]<\/p>\n","protected":false},"author":1,"featured_media":0,"parent":0,"menu_order":0,"comment_status":"closed","ping_status":"closed","template":"","meta":{"give_campaign_id":0,"footnotes":""},"class_list":["post-252","page","type-page","status-publish","hentry","description-off"],"campaignId":"","_links":{"self":[{"href":"https:\/\/jerzyszymik.pl\/index.php\/wp-json\/wp\/v2\/pages\/252","targetHints":{"allow":["GET"]}}],"collection":[{"href":"https:\/\/jerzyszymik.pl\/index.php\/wp-json\/wp\/v2\/pages"}],"about":[{"href":"https:\/\/jerzyszymik.pl\/index.php\/wp-json\/wp\/v2\/types\/page"}],"author":[{"embeddable":true,"href":"https:\/\/jerzyszymik.pl\/index.php\/wp-json\/wp\/v2\/users\/1"}],"replies":[{"embeddable":true,"href":"https:\/\/jerzyszymik.pl\/index.php\/wp-json\/wp\/v2\/comments?post=252"}],"version-history":[{"count":3,"href":"https:\/\/jerzyszymik.pl\/index.php\/wp-json\/wp\/v2\/pages\/252\/revisions"}],"predecessor-version":[{"id":1516,"href":"https:\/\/jerzyszymik.pl\/index.php\/wp-json\/wp\/v2\/pages\/252\/revisions\/1516"}],"wp:attachment":[{"href":"https:\/\/jerzyszymik.pl\/index.php\/wp-json\/wp\/v2\/media?parent=252"}],"curies":[{"name":"wp","href":"https:\/\/api.w.org\/{rel}","templated":true}]}}