{"id":171,"date":"2019-06-01T08:00:40","date_gmt":"2019-06-01T12:00:40","guid":{"rendered":"http:\/\/jerzyszymik.pl\/index.php\/giving\/"},"modified":"2025-05-29T16:22:59","modified_gmt":"2025-05-29T16:22:59","slug":"publikacje","status":"publish","type":"page","link":"https:\/\/jerzyszymik.pl\/index.php\/publikacje\/","title":{"rendered":"Publikacje"},"content":{"rendered":"<div class=\"wpb-content-wrapper\"><p>[vc_row bg_type=&#8221;image&#8221; parallax_style=&#8221;vcpb-default&#8221; bg_image_new=&#8221;id^1425|url^http:\/\/jerzyszymik.pl\/wp-content\/uploads\/2025\/05\/IMG_4118-scaled.jpg|caption^null|alt^null|title^IMG_4118|description^null&#8221; bg_image_repeat=&#8221;no-repeat&#8221; bg_override=&#8221;browser_size&#8221; css=&#8221;.vc_custom_1748362556904{padding-top: 150px !important;padding-bottom: 150px !important;}&#8221;][vc_column width=&#8221;1\/3&#8243; css=&#8221;.vc_custom_1559469828133{padding-top: 0px !important;}&#8221;]<div id=\"ultimate-heading-233169de31e01e509\" class=\"uvc-heading ult-adjust-bottom-margin ultimate-heading-233169de31e01e509 uvc-7266 \" data-hspacer=\"no_spacer\"  data-halign=\"center\" style=\"text-align:center\"><div class=\"uvc-heading-spacer no_spacer\" style=\"top\"><\/div><div class=\"uvc-main-heading ult-responsive\"  data-ultimate-target='.uvc-heading.ultimate-heading-233169de31e01e509 h1'  data-responsive-json-new='{\"font-size\":\"desktop:70px;\",\"line-height\":\"desktop:80px;\"}' ><h1 style=\"--font-weight:theme;color:#ffffff;\">Wybierz z listy:<\/h1><\/div><\/div>[vc_separator align=&#8221;align_left&#8221; css=&#8221;&#8221;][vc_btn title=&#8221;AS z r\u0119kawa Go\u015b\u0107 Niedzielny&#8221; style=&#8221;classic&#8221; color=&#8221;white&#8221; align=&#8221;left&#8221; css=&#8221;&#8221; link=&#8221;url:https%3A%2F%2Fjerzyszymik.pl%2Findex.php%2Faszrekawagoscniedzielny%2F|title:AS%20z%20r%C4%99kawa%20Go%C5%9B%C4%87%20Niedzielny|target:_blank&#8221;][vc_btn title=&#8221;Ewangelia z komentarzem radio eM&#8221; style=&#8221;classic&#8221; color=&#8221;white&#8221; css=&#8221;&#8221; link=&#8221;url:https%3A%2F%2Fjerzyszymik.pl%2Findex.php%2Fewangeliazkomentarzemradioem%2F|title:Ewangelia%20z%20komentarzem%20Radio%20eM|target:_blank&#8221;][vc_btn title=&#8221;Wywiady \/ Konferencje \/ Nagrania&#8221; style=&#8221;classic&#8221; color=&#8221;white&#8221; css=&#8221;&#8221; link=&#8221;url:https%3A%2F%2Fjerzyszymik.pl%2Findex.php%2Fwywiadykonferencjenagrania%2F|title:Wywiady%20%2F%20Konferencje%20%2F%20Nagrania|target:_blank&#8221;][vc_btn title=&#8221;Bibliografia i teksty o ks. Szymiku&#8221; style=&#8221;classic&#8221; color=&#8221;white&#8221; align=&#8221;left&#8221; css=&#8221;&#8221; link=&#8221;url:https%3A%2F%2Fjerzyszymik.pl%2Findex.php%2Fbibliografiaitekstyo%2F|title:Bibliografia|target:_blank&#8221;][vc_btn title=&#8221;Wybrane wiersze&#8221; style=&#8221;classic&#8221; color=&#8221;white&#8221; css=&#8221;&#8221; link=&#8221;url:https%3A%2F%2Fjerzyszymik.pl%2Findex.php%2Fwybranewiersze%2F|title:Wybrane%20wiersze|target:_blank&#8221;][\/vc_column][\/vc_row][vc_row css=&#8221;.vc_custom_1561965315283{padding-top: 75px !important;padding-bottom: 70px !important;}&#8221;][vc_column]<div id=\"ultimate-heading-660069de31e01e530\" class=\"uvc-heading ult-adjust-bottom-margin ultimate-heading-660069de31e01e530 uvc-1496  uvc-heading-default-font-sizes\" data-hspacer=\"no_spacer\"  data-halign=\"center\" style=\"text-align:center\"><div class=\"uvc-heading-spacer no_spacer\" style=\"top\"><\/div><div class=\"uvc-main-heading ult-responsive\"  data-ultimate-target='.uvc-heading.ultimate-heading-660069de31e01e530 h4'  data-responsive-json-new='{\"font-size\":\"\",\"line-height\":\"\"}' ><h4 style=\"--font-weight:theme;margin-bottom:50px;\">Coraz cz\u0119\u015bciej mnie pytaj\u0105: czy\u017c to aby nie ciebie widzia\u0142em razem z Nim w ogrodzie? Tak, to by\u0142em ja.<\/h4><\/div><\/div>[\/vc_column][\/vc_row]<\/p>\n<\/div>","protected":false},"excerpt":{"rendered":"<p>[vc_row bg_type=&#8221;image&#8221; parallax_style=&#8221;vcpb-default&#8221; bg_image_new=&#8221;id^1425|url^http:\/\/jerzyszymik.pl\/wp-content\/uploads\/2025\/05\/IMG_4118-scaled.jpg|caption^null|alt^null|title^IMG_4118|description^null&#8221; bg_image_repeat=&#8221;no-repeat&#8221; bg_override=&#8221;browser_size&#8221; css=&#8221;.vc_custom_1748362556904{padding-top: 150px !important;padding-bottom: 150px !important;}&#8221;][vc_column width=&#8221;1\/3&#8243; css=&#8221;.vc_custom_1559469828133{padding-top: 0px !important;}&#8221;][vc_separator align=&#8221;align_left&#8221; css=&#8221;&#8221;][vc_btn title=&#8221;AS z r\u0119kawa Go\u015b\u0107 Niedzielny&#8221; style=&#8221;classic&#8221; color=&#8221;white&#8221; align=&#8221;left&#8221; css=&#8221;&#8221; link=&#8221;url:https%3A%2F%2Fjerzyszymik.pl%2Findex.php%2Faszrekawagoscniedzielny%2F|title:AS%20z%20r%C4%99kawa%20Go%C5%9B%C4%87%20Niedzielny|target:_blank&#8221;][vc_btn title=&#8221;Ewangelia z komentarzem radio eM&#8221; style=&#8221;classic&#8221; color=&#8221;white&#8221; css=&#8221;&#8221; link=&#8221;url:https%3A%2F%2Fjerzyszymik.pl%2Findex.php%2Fewangeliazkomentarzemradioem%2F|title:Ewangelia%20z%20komentarzem%20Radio%20eM|target:_blank&#8221;][vc_btn title=&#8221;Wywiady \/ Konferencje \/ Nagrania&#8221; style=&#8221;classic&#8221; color=&#8221;white&#8221; css=&#8221;&#8221; link=&#8221;url:https%3A%2F%2Fjerzyszymik.pl%2Findex.php%2Fwywiadykonferencjenagrania%2F|title:Wywiady%20%2F%20Konferencje%20%2F%20Nagrania|target:_blank&#8221;][vc_btn title=&#8221;Bibliografia i teksty o ks. Szymiku&#8221; style=&#8221;classic&#8221; color=&#8221;white&#8221; align=&#8221;left&#8221; css=&#8221;&#8221;&hellip;<\/p>\n","protected":false},"author":1,"featured_media":0,"parent":0,"menu_order":0,"comment_status":"closed","ping_status":"closed","template":"","meta":{"give_campaign_id":0,"footnotes":""},"class_list":["post-171","page","type-page","status-publish","hentry","description-off"],"campaignId":"","_links":{"self":[{"href":"https:\/\/jerzyszymik.pl\/index.php\/wp-json\/wp\/v2\/pages\/171","targetHints":{"allow":["GET"]}}],"collection":[{"href":"https:\/\/jerzyszymik.pl\/index.php\/wp-json\/wp\/v2\/pages"}],"about":[{"href":"https:\/\/jerzyszymik.pl\/index.php\/wp-json\/wp\/v2\/types\/page"}],"author":[{"embeddable":true,"href":"https:\/\/jerzyszymik.pl\/index.php\/wp-json\/wp\/v2\/users\/1"}],"replies":[{"embeddable":true,"href":"https:\/\/jerzyszymik.pl\/index.php\/wp-json\/wp\/v2\/comments?post=171"}],"version-history":[{"count":11,"href":"https:\/\/jerzyszymik.pl\/index.php\/wp-json\/wp\/v2\/pages\/171\/revisions"}],"predecessor-version":[{"id":1538,"href":"https:\/\/jerzyszymik.pl\/index.php\/wp-json\/wp\/v2\/pages\/171\/revisions\/1538"}],"wp:attachment":[{"href":"https:\/\/jerzyszymik.pl\/index.php\/wp-json\/wp\/v2\/media?parent=171"}],"curies":[{"name":"wp","href":"https:\/\/api.w.org\/{rel}","templated":true}]}}